{"id":10833,"date":"2026-01-21T09:55:22","date_gmt":"2026-01-21T09:55:22","guid":{"rendered":"https:\/\/fervent-napier.92-205-128-248.plesk.page\/?page_id=10833"},"modified":"2026-04-07T14:55:25","modified_gmt":"2026-04-07T13:55:25","slug":"informationen-fuer-museen","status":"publish","type":"page","link":"https:\/\/www.museumspass.ch\/de\/dreissig-jahre-schweizer-museumspass\/informationen-fuer-museen\/","title":{"rendered":"Informationen f\u00fcr Museen\u200b"},"content":{"rendered":"\t\t<div data-elementor-type=\"wp-page\" data-elementor-id=\"10833\" class=\"elementor elementor-10833\" data-elementor-post-type=\"page\">\n\t\t\t\t<div class=\"elementor-element elementor-element-bb3063c e-con-full e-flex e-con e-child\" data-id=\"bb3063c\" data-element_type=\"container\">\n\t\t<div class=\"elementor-element elementor-element-3465f5f e-con-full e-flex e-con e-child\" data-id=\"3465f5f\" data-element_type=\"container\">\n\t\t\t\t<div class=\"elementor-element elementor-element-368b377 animated-fast elementor-invisible elementor-widget elementor-widget-heading\" data-id=\"368b377\" data-element_type=\"widget\" data-settings=\"{&quot;_animation&quot;:&quot;fadeInUp&quot;}\" data-widget_type=\"heading.default\">\n\t\t\t\t\t<p class=\"elementor-heading-title elementor-size-default\">Informationen f\u00fcr Museen\u200b<\/p>\t\t\t\t<\/div>\n\t\t\t\t<div class=\"elementor-element elementor-element-8395d90 animated-fast elementor-widget-tablet__width-initial elementor-invisible elementor-widget elementor-widget-heading\" data-id=\"8395d90\" data-element_type=\"widget\" data-settings=\"{&quot;_animation&quot;:&quot;fadeInUp&quot;}\" data-widget_type=\"heading.default\">\n\t\t\t\t\t<h1 class=\"elementor-heading-title elementor-size-default\">Informationen f\u00fcr Museen: Ihre Teilnahme am Schweizer Museumspreis<\/h1>\t\t\t\t<\/div>\n\t\t<div class=\"elementor-element elementor-element-9d37c45 e-con-full e-flex e-con e-child\" data-id=\"9d37c45\" data-element_type=\"container\" data-settings=\"{&quot;background_background&quot;:&quot;classic&quot;}\">\n\t\t\t\t<div class=\"elementor-element elementor-element-e87b49e elementor-widget__width-initial animated-fast elementor-widget-tablet__width-inherit elementor-invisible elementor-widget elementor-widget-text-editor\" data-id=\"e87b49e\" data-element_type=\"widget\" data-settings=\"{&quot;_animation&quot;:&quot;fadeInUp&quot;,&quot;_animation_delay&quot;:50}\" data-widget_type=\"text-editor.default\">\n\t\t\t\t\t\t\t\t\t<p>Herzlich willkommen in Phase 4! Nachdem unser Publikum und eine Laien-Jury das Fundament gelegt haben, sind nun Sie an der Reihe. Nutzen Sie die Chance, Ihre Vermittlungsarbeit einem schweizweiten Publikum zu pr\u00e4sentieren.<\/p><p>\u00a0<\/p><p>Alle am Schweizer Museumspass beteiligten Museen sind herzlich eingeladen, sich bis zum 3. Mai 2026 f\u00fcr den Preis zu bewerben.<\/p>\t\t\t\t\t\t\t\t<\/div>\n\t\t\t\t<\/div>\n\t\t\t\t<\/div>\n\t\t\t\t<\/div>\n\t\t<div class=\"elementor-element elementor-element-910b36e e-con-full e-flex e-con e-child\" data-id=\"910b36e\" data-element_type=\"container\">\n\t\t<div class=\"elementor-element elementor-element-f24e6bb e-con-full animated-fast e-flex e-con e-child\" data-id=\"f24e6bb\" data-element_type=\"container\" data-settings=\"{&quot;background_background&quot;:&quot;classic&quot;,&quot;animation&quot;:&quot;none&quot;,&quot;animation_delay&quot;:150}\">\n\t\t\t\t<div class=\"elementor-element elementor-element-e195180 elementor-widget elementor-widget-heading\" data-id=\"e195180\" data-element_type=\"widget\" data-widget_type=\"heading.default\">\n\t\t\t\t\t<h2 class=\"elementor-heading-title elementor-size-default\">Das Jahresthema 2026: \u00abBeste Vermittlung f\u00fcr alle Generationen\u00bb<\/h2>\t\t\t\t<\/div>\n\t\t\t\t<div class=\"elementor-element elementor-element-f2151fd elementor-widget elementor-widget-text-editor\" data-id=\"f2151fd\" data-element_type=\"widget\" data-widget_type=\"text-editor.default\">\n\t\t\t\t\t\t\t\t\t<p data-path-to-node=\"6\">Wir suchen Projekte, die Menschen zusammenbringen. Es geht nicht um das gr\u00f6sste Budget, sondern um die beste Wirkung:<\/p><p data-path-to-node=\"6\">\u00a0<\/p><ul data-path-to-node=\"7\"><li><p data-path-to-node=\"7,0,0\"><b data-path-to-node=\"7,0,0\" data-index-in-node=\"0\">Generationen-Dialog:<\/b> Wie f\u00f6rdern Sie den Austausch zwischen Jung und Alt?<\/p><\/li><li><p data-path-to-node=\"7,1,0\"><b data-path-to-node=\"7,1,0\" data-index-in-node=\"0\">Teilhabe:<\/b> Wie machen Sie Inhalte f\u00fcr alle zug\u00e4nglich?<\/p><\/li><li><p data-path-to-node=\"7,2,0\"><b data-path-to-node=\"7,2,0\" data-index-in-node=\"0\">Besucherlebnis:<\/b> Wie schaffen Sie eine Atmosph\u00e4re, in der sich jeder willkommen f\u00fchlt?<\/p><\/li><\/ul>\t\t\t\t\t\t\t\t<\/div>\n\t\t\t\t<\/div>\n\t\t<div class=\"elementor-element elementor-element-09a36a0 e-con-full animated-fast e-flex e-con e-child\" data-id=\"09a36a0\" data-element_type=\"container\" data-settings=\"{&quot;background_background&quot;:&quot;classic&quot;,&quot;animation&quot;:&quot;none&quot;,&quot;animation_delay&quot;:150}\">\n\t\t\t\t<div class=\"elementor-element elementor-element-fe16f94 elementor-widget elementor-widget-heading\" data-id=\"fe16f94\" data-element_type=\"widget\" data-widget_type=\"heading.default\">\n\t\t\t\t\t<h2 class=\"elementor-heading-title elementor-size-default\">Die 3 S\u00e4ulen der Bewertung<\/h2>\t\t\t\t<\/div>\n\t\t\t\t<div class=\"elementor-element elementor-element-4ab9994 elementor-widget elementor-widget-text-editor\" data-id=\"4ab9994\" data-element_type=\"widget\" data-widget_type=\"text-editor.default\">\n\t\t\t\t\t\t\t\t\t<p data-path-to-node=\"9\">Die Jury und das Publikum bewerten Ihre Einreichung nach diesen Kriterien:<\/p><p data-path-to-node=\"9\">\u00a0<\/p><ol start=\"1\" data-path-to-node=\"10\"><li><p data-path-to-node=\"10,0,0\"><b data-path-to-node=\"10,0,0\" data-index-in-node=\"0\">Der Funke f\u00fcr alle:<\/b> Begeisterung \u00fcber Altersgrenzen hinweg.<\/p><\/li><li><p data-path-to-node=\"10,1,0\"><b data-path-to-node=\"10,1,0\" data-index-in-node=\"0\">Das Wir-Gef\u00fchl:<\/b> F\u00f6rderung des sozialen Miteinanders.<\/p><\/li><li><p data-path-to-node=\"10,2,0\"><b data-path-to-node=\"10,2,0\" data-index-in-node=\"0\">Der Wohlf\u00fchl-Faktor:<\/b> Barrierefreiheit und Gastfreundschaft im Museumsalltag.<\/p><\/li><\/ol>\t\t\t\t\t\t\t\t<\/div>\n\t\t\t\t<\/div>\n\t\t<div class=\"elementor-element elementor-element-c442a3e e-con-full animated-fast e-flex e-con e-child\" data-id=\"c442a3e\" data-element_type=\"container\" data-settings=\"{&quot;background_background&quot;:&quot;classic&quot;,&quot;animation&quot;:&quot;none&quot;,&quot;animation_delay&quot;:150}\">\n\t\t\t\t<div class=\"elementor-element elementor-element-ad011b7 elementor-widget elementor-widget-heading\" data-id=\"ad011b7\" data-element_type=\"widget\" data-widget_type=\"heading.default\">\n\t\t\t\t\t<h2 class=\"elementor-heading-title elementor-size-default\">Ihre Bewerbung: So einfach geht\u2019s<\/h2>\t\t\t\t<\/div>\n\t\t\t\t<div class=\"elementor-element elementor-element-474204b elementor-widget elementor-widget-text-editor\" data-id=\"474204b\" data-element_type=\"widget\" data-widget_type=\"text-editor.default\">\n\t\t\t\t\t\t\t\t\t<p>Der Bewerbungszeitraum l\u00e4uft vom <b data-path-to-node=\"12\" data-index-in-node=\"33\">17. M\u00e4rz bis zum 3. Mai 2026<\/b>. Die Bewerbung besteht aus zwei Teilen:<\/p><p>\u00a0<\/p><p><b data-path-to-node=\"13\" data-index-in-node=\"0\">1. Der schriftliche Kurz-Beschrieb<\/b> Erz\u00e4hlen Sie uns auf maximal zwei A4-Seiten (PDF), was Ihre Vermittlungsarbeit so besonders macht und wie Sie das Jahresthema in Ihrem Haus zum Leben erwecken.<\/p><p>\u00a0<\/p><p data-path-to-node=\"14\"><b data-path-to-node=\"14\" data-index-in-node=\"0\">2. Der Video-Pitch (60\u201390 Sekunden)<\/b> Das Herzst\u00fcck f\u00fcr das sp\u00e4tere Publikumsvoting. Zeigen Sie uns Ihr Museum in Aktion!<\/p><ul data-path-to-node=\"15\"><li><p data-path-to-node=\"15,0,0\"><b data-path-to-node=\"15,0,0\" data-index-in-node=\"0\">Format:<\/b> Hochformat (9:16) \u2013 perfekt f\u00fcr das Smartphone.<\/p><\/li><li><p data-path-to-node=\"15,1,0\"><b data-path-to-node=\"15,1,0\" data-index-in-node=\"0\">Echtheit vor Perfektion:<\/b> Wir wollen ausdr\u00fccklich <b data-path-to-node=\"15,1,0\" data-index-in-node=\"49\">Handyvideos<\/b>. Ein authentischer Einblick in Ihre R\u00e4ume und die Interaktion mit Menschen ist wirkungsvoller als ein Hochglanz-Werbefilm.<\/p><\/li><li><p data-path-to-node=\"15,2,0\"><b data-path-to-node=\"15,2,0\" data-index-in-node=\"0\">Technik:<\/b> Achten Sie auf gutes Licht und klaren Ton (bei Sprache nah ans Mikrofon gehen).<\/p><\/li><li><p data-path-to-node=\"15,3,0\"><b data-path-to-node=\"15,3,0\" data-index-in-node=\"0\">Call to Action:<\/b> Laden Sie die Leute ein, f\u00fcr Sie zu stimmen!<\/p><\/li><\/ul>\t\t\t\t\t\t\t\t<\/div>\n\t\t\t\t<\/div>\n\t\t<div class=\"elementor-element elementor-element-6400161 e-con-full animated-fast e-flex e-con e-child\" data-id=\"6400161\" data-element_type=\"container\" data-settings=\"{&quot;background_background&quot;:&quot;classic&quot;,&quot;animation&quot;:&quot;none&quot;,&quot;animation_delay&quot;:150}\">\n\t\t\t\t<div class=\"elementor-element elementor-element-44d9b79 elementor-widget elementor-widget-heading\" data-id=\"44d9b79\" data-element_type=\"widget\" data-widget_type=\"heading.default\">\n\t\t\t\t\t<h2 class=\"elementor-heading-title elementor-size-default\">Einreichung &amp; Prozess<\/h2>\t\t\t\t<\/div>\n\t\t\t\t<div class=\"elementor-element elementor-element-d26a382 elementor-widget elementor-widget-text-editor\" data-id=\"d26a382\" data-element_type=\"widget\" data-widget_type=\"text-editor.default\">\n\t\t\t\t\t\t\t\t\t<ul><li><p data-path-to-node=\"17,0,0\"><b data-path-to-node=\"17,0,0\" data-index-in-node=\"0\">Wo:<\/b> Die Einreichung erfolgt \u00fcber ein Online-Formular (<a href=\"https:\/\/www.museumspass.ch\/de\/museumspreis\/museumspreis-2026-schritt-4-bewerbungszeitraum-museen\/\">Der Schweizer Museumspreis &#8211; Schweizer Museumspass<\/a>).<\/p><\/li><li><p data-path-to-node=\"17,1,0\"><b data-path-to-node=\"17,1,0\" data-index-in-node=\"0\">Shortlist:<\/b> Eine 9-k\u00f6pfige Laien-Jury (Museumspass-Besitzende) w\u00e4hlt aus allen Bewerbungen die Nominierten (Shortlist) aus.<\/p><\/li><li><p data-path-to-node=\"17,2,0\"><b data-path-to-node=\"17,2,0\" data-index-in-node=\"0\">Voting:<\/b> Ab dem 18. Mai entscheidet die ganze Schweiz im Online-Voting \u00fcber den Sieger.<\/p><\/li><\/ul>\t\t\t\t\t\t\t\t<\/div>\n\t\t\t\t<\/div>\n\t\t\t\t<\/div>\n\t\t\t\t<\/div>\n\t\t","protected":false},"excerpt":{"rendered":"<p>Informationen f\u00fcr Museen: Ihre Teilnahme am Schweizer Museumspreis Herzlich willkommen in Phase 4! Nachdem unser Publikum und eine Laien-Jury das Fundament gelegt haben, sind nun Sie an der Reihe. Nutzen Sie die Chance, Ihre Vermittlungsarbeit einem schweizweiten Publikum zu pr\u00e4sentieren. \u00a0 Alle am Schweizer Museumspass beteiligten Museen sind herzlich eingeladen, sich bis zum 3. Mai [&hellip;]<\/p>\n","protected":false},"author":1,"featured_media":0,"parent":5219,"menu_order":1,"comment_status":"closed","ping_status":"closed","template":"","meta":{"footnotes":""},"class_list":["post-10833","page","type-page","status-publish","hentry"],"yoast_head":"<!-- This site is optimized with the Yoast SEO plugin v26.8 - https:\/\/yoast.com\/product\/yoast-seo-wordpress\/ -->\n<title>Informationen f\u00fcr Museen\u200b - Schweizer Museumspass<\/title>\n<meta name=\"description\" content=\"Zeigen Sie uns Ihr pers\u00f6nliches Highlight und sichern Sie sich die Chance auf Preise im Gesamtwert von CHF 20\u2019000.\" \/>\n<meta name=\"robots\" content=\"index, follow, max-snippet:-1, max-image-preview:large, max-video-preview:-1\" \/>\n<link rel=\"canonical\" href=\"https:\/\/www.museumspass.ch\/de\/dreissig-jahre-schweizer-museumspass\/informationen-fuer-museen\/\" \/>\n<meta property=\"og:locale\" content=\"de_DE\" \/>\n<meta property=\"og:type\" content=\"article\" \/>\n<meta property=\"og:title\" content=\"Informationen f\u00fcr Museen\u200b - Schweizer Museumspass\" \/>\n<meta property=\"og:description\" content=\"Zeigen Sie uns Ihr pers\u00f6nliches Highlight und sichern Sie sich die Chance auf Preise im Gesamtwert von CHF 20\u2019000.\" \/>\n<meta property=\"og:url\" content=\"https:\/\/www.museumspass.ch\/de\/dreissig-jahre-schweizer-museumspass\/informationen-fuer-museen\/\" \/>\n<meta property=\"og:site_name\" content=\"Schweizer Museumspass\" \/>\n<meta property=\"article:publisher\" content=\"https:\/\/www.facebook.com\/SchweizerMuseumspass\/\" \/>\n<meta property=\"article:modified_time\" content=\"2026-04-07T13:55:25+00:00\" \/>\n<meta property=\"og:image\" content=\"https:\/\/www.museumspass.ch\/wp-content\/uploads\/Design-ohne-Titel-55.png\" \/>\n\t<meta property=\"og:image:width\" content=\"1024\" \/>\n\t<meta property=\"og:image:height\" content=\"576\" \/>\n\t<meta property=\"og:image:type\" content=\"image\/png\" \/>\n<meta name=\"twitter:card\" content=\"summary_large_image\" \/>\n<meta name=\"twitter:label1\" content=\"Gesch\u00e4tzte Lesezeit\" \/>\n\t<meta name=\"twitter:data1\" content=\"2\u00a0Minuten\" \/>\n<script type=\"application\/ld+json\" class=\"yoast-schema-graph\">{\"@context\":\"https:\/\/schema.org\",\"@graph\":[{\"@type\":\"WebPage\",\"@id\":\"https:\/\/www.museumspass.ch\/dreissig-jahre-schweizer-museumspass\/informationen-fuer-museen\/\",\"url\":\"https:\/\/www.museumspass.ch\/dreissig-jahre-schweizer-museumspass\/informationen-fuer-museen\/\",\"name\":\"Informationen f\u00fcr Museen\u200b - Schweizer Museumspass\",\"isPartOf\":{\"@id\":\"https:\/\/www.museumspass.ch\/de\/#website\"},\"datePublished\":\"2026-01-21T09:55:22+00:00\",\"dateModified\":\"2026-04-07T13:55:25+00:00\",\"description\":\"Zeigen Sie uns Ihr pers\u00f6nliches Highlight und sichern Sie sich die Chance auf Preise im Gesamtwert von CHF 20\u2019000.\",\"breadcrumb\":{\"@id\":\"https:\/\/www.museumspass.ch\/dreissig-jahre-schweizer-museumspass\/informationen-fuer-museen\/#breadcrumb\"},\"inLanguage\":\"de\",\"potentialAction\":[{\"@type\":\"ReadAction\",\"target\":[\"https:\/\/www.museumspass.ch\/dreissig-jahre-schweizer-museumspass\/informationen-fuer-museen\/\"]}]},{\"@type\":\"BreadcrumbList\",\"@id\":\"https:\/\/www.museumspass.ch\/dreissig-jahre-schweizer-museumspass\/informationen-fuer-museen\/#breadcrumb\",\"itemListElement\":[{\"@type\":\"ListItem\",\"position\":1,\"name\":\"Start\",\"item\":\"https:\/\/www.museumspass.ch\/de\/\"},{\"@type\":\"ListItem\",\"position\":2,\"name\":\"30 Jahre Schweizer Museumspass\",\"item\":\"https:\/\/www.museumspass.ch\/dreissig-jahre-schweizer-museumspass\/\"},{\"@type\":\"ListItem\",\"position\":3,\"name\":\"Informationen f\u00fcr Museen\u200b\"}]},{\"@type\":\"WebSite\",\"@id\":\"https:\/\/www.museumspass.ch\/de\/#website\",\"url\":\"https:\/\/www.museumspass.ch\/de\/\",\"name\":\"Schweizer Museumspass\",\"description\":\"1 Jahr lang kostenlosen Zugang zu \u00fcber 500 Schweizer Museen\",\"publisher\":{\"@id\":\"https:\/\/www.museumspass.ch\/de\/#organization\"},\"potentialAction\":[{\"@type\":\"SearchAction\",\"target\":{\"@type\":\"EntryPoint\",\"urlTemplate\":\"https:\/\/www.museumspass.ch\/de\/?s={search_term_string}\"},\"query-input\":{\"@type\":\"PropertyValueSpecification\",\"valueRequired\":true,\"valueName\":\"search_term_string\"}}],\"inLanguage\":\"de\"},{\"@type\":\"Organization\",\"@id\":\"https:\/\/www.museumspass.ch\/de\/#organization\",\"name\":\"Schweizer Museumspass\",\"url\":\"https:\/\/www.museumspass.ch\/de\/\",\"logo\":{\"@type\":\"ImageObject\",\"inLanguage\":\"de\",\"@id\":\"https:\/\/www.museumspass.ch\/de\/#\/schema\/logo\/image\/\",\"url\":\"https:\/\/www.museumspass.ch\/wp-content\/uploads\/Design-ohne-Titel-55.png\",\"contentUrl\":\"https:\/\/www.museumspass.ch\/wp-content\/uploads\/Design-ohne-Titel-55.png\",\"width\":1024,\"height\":576,\"caption\":\"Schweizer Museumspass\"},\"image\":{\"@id\":\"https:\/\/www.museumspass.ch\/de\/#\/schema\/logo\/image\/\"},\"sameAs\":[\"https:\/\/www.facebook.com\/SchweizerMuseumspass\/\",\"https:\/\/www.instagram.com\/museumspass\/\",\"https:\/\/www.linkedin.com\/company\/stiftung-schweizer-museumspass\/\"]}]}<\/script>\n<!-- \/ Yoast SEO plugin. -->","yoast_head_json":{"title":"Informationen f\u00fcr Museen\u200b - Schweizer Museumspass","description":"Zeigen Sie uns Ihr pers\u00f6nliches Highlight und sichern Sie sich die Chance auf Preise im Gesamtwert von CHF 20\u2019000.","robots":{"index":"index","follow":"follow","max-snippet":"max-snippet:-1","max-image-preview":"max-image-preview:large","max-video-preview":"max-video-preview:-1"},"canonical":"https:\/\/www.museumspass.ch\/de\/dreissig-jahre-schweizer-museumspass\/informationen-fuer-museen\/","og_locale":"de_DE","og_type":"article","og_title":"Informationen f\u00fcr Museen\u200b - Schweizer Museumspass","og_description":"Zeigen Sie uns Ihr pers\u00f6nliches Highlight und sichern Sie sich die Chance auf Preise im Gesamtwert von CHF 20\u2019000.","og_url":"https:\/\/www.museumspass.ch\/de\/dreissig-jahre-schweizer-museumspass\/informationen-fuer-museen\/","og_site_name":"Schweizer Museumspass","article_publisher":"https:\/\/www.facebook.com\/SchweizerMuseumspass\/","article_modified_time":"2026-04-07T13:55:25+00:00","og_image":[{"width":1024,"height":576,"url":"https:\/\/www.museumspass.ch\/wp-content\/uploads\/Design-ohne-Titel-55.png","type":"image\/png"}],"twitter_card":"summary_large_image","twitter_misc":{"Gesch\u00e4tzte Lesezeit":"2\u00a0Minuten"},"schema":{"@context":"https:\/\/schema.org","@graph":[{"@type":"WebPage","@id":"https:\/\/www.museumspass.ch\/dreissig-jahre-schweizer-museumspass\/informationen-fuer-museen\/","url":"https:\/\/www.museumspass.ch\/dreissig-jahre-schweizer-museumspass\/informationen-fuer-museen\/","name":"Informationen f\u00fcr Museen\u200b - Schweizer Museumspass","isPartOf":{"@id":"https:\/\/www.museumspass.ch\/de\/#website"},"datePublished":"2026-01-21T09:55:22+00:00","dateModified":"2026-04-07T13:55:25+00:00","description":"Zeigen Sie uns Ihr pers\u00f6nliches Highlight und sichern Sie sich die Chance auf Preise im Gesamtwert von CHF 20\u2019000.","breadcrumb":{"@id":"https:\/\/www.museumspass.ch\/dreissig-jahre-schweizer-museumspass\/informationen-fuer-museen\/#breadcrumb"},"inLanguage":"de","potentialAction":[{"@type":"ReadAction","target":["https:\/\/www.museumspass.ch\/dreissig-jahre-schweizer-museumspass\/informationen-fuer-museen\/"]}]},{"@type":"BreadcrumbList","@id":"https:\/\/www.museumspass.ch\/dreissig-jahre-schweizer-museumspass\/informationen-fuer-museen\/#breadcrumb","itemListElement":[{"@type":"ListItem","position":1,"name":"Start","item":"https:\/\/www.museumspass.ch\/de\/"},{"@type":"ListItem","position":2,"name":"30 Jahre Schweizer Museumspass","item":"https:\/\/www.museumspass.ch\/dreissig-jahre-schweizer-museumspass\/"},{"@type":"ListItem","position":3,"name":"Informationen f\u00fcr Museen\u200b"}]},{"@type":"WebSite","@id":"https:\/\/www.museumspass.ch\/de\/#website","url":"https:\/\/www.museumspass.ch\/de\/","name":"Schweizer Museumspass","description":"1 Jahr lang kostenlosen Zugang zu \u00fcber 500 Schweizer Museen","publisher":{"@id":"https:\/\/www.museumspass.ch\/de\/#organization"},"potentialAction":[{"@type":"SearchAction","target":{"@type":"EntryPoint","urlTemplate":"https:\/\/www.museumspass.ch\/de\/?s={search_term_string}"},"query-input":{"@type":"PropertyValueSpecification","valueRequired":true,"valueName":"search_term_string"}}],"inLanguage":"de"},{"@type":"Organization","@id":"https:\/\/www.museumspass.ch\/de\/#organization","name":"Schweizer Museumspass","url":"https:\/\/www.museumspass.ch\/de\/","logo":{"@type":"ImageObject","inLanguage":"de","@id":"https:\/\/www.museumspass.ch\/de\/#\/schema\/logo\/image\/","url":"https:\/\/www.museumspass.ch\/wp-content\/uploads\/Design-ohne-Titel-55.png","contentUrl":"https:\/\/www.museumspass.ch\/wp-content\/uploads\/Design-ohne-Titel-55.png","width":1024,"height":576,"caption":"Schweizer Museumspass"},"image":{"@id":"https:\/\/www.museumspass.ch\/de\/#\/schema\/logo\/image\/"},"sameAs":["https:\/\/www.facebook.com\/SchweizerMuseumspass\/","https:\/\/www.instagram.com\/museumspass\/","https:\/\/www.linkedin.com\/company\/stiftung-schweizer-museumspass\/"]}]}},"publishpress_future_action":{"enabled":false,"date":"2026-05-01 01:53:55","action":"change-status","newStatus":"draft","terms":[],"taxonomy":"","extraData":[]},"publishpress_future_workflow_manual_trigger":{"enabledWorkflows":[]},"_links":{"self":[{"href":"https:\/\/www.museumspass.ch\/de\/wp-json\/wp\/v2\/pages\/10833","targetHints":{"allow":["GET"]}}],"collection":[{"href":"https:\/\/www.museumspass.ch\/de\/wp-json\/wp\/v2\/pages"}],"about":[{"href":"https:\/\/www.museumspass.ch\/de\/wp-json\/wp\/v2\/types\/page"}],"author":[{"embeddable":true,"href":"https:\/\/www.museumspass.ch\/de\/wp-json\/wp\/v2\/users\/1"}],"replies":[{"embeddable":true,"href":"https:\/\/www.museumspass.ch\/de\/wp-json\/wp\/v2\/comments?post=10833"}],"version-history":[{"count":42,"href":"https:\/\/www.museumspass.ch\/de\/wp-json\/wp\/v2\/pages\/10833\/revisions"}],"predecessor-version":[{"id":12393,"href":"https:\/\/www.museumspass.ch\/de\/wp-json\/wp\/v2\/pages\/10833\/revisions\/12393"}],"up":[{"embeddable":true,"href":"https:\/\/www.museumspass.ch\/de\/wp-json\/wp\/v2\/pages\/5219"}],"wp:attachment":[{"href":"https:\/\/www.museumspass.ch\/de\/wp-json\/wp\/v2\/media?parent=10833"}],"curies":[{"name":"wp","href":"https:\/\/api.w.org\/{rel}","templated":true}]}}