{"id":11417,"date":"2026-03-24T14:54:57","date_gmt":"2026-03-24T13:54:57","guid":{"rendered":"https:\/\/www.museumspass.ch\/?page_id=11417"},"modified":"2026-04-28T15:23:25","modified_gmt":"2026-04-28T14:23:25","slug":"voting","status":"publish","type":"page","link":"https:\/\/www.museumspass.ch\/de\/museumspreis\/voting\/","title":{"rendered":"Museumspreis 2026 &#8211; Schritt 6 &#8211; \u00d6ffentliches Publikumsvoting"},"content":{"rendered":"\t\t<div data-elementor-type=\"wp-page\" data-elementor-id=\"11417\" class=\"elementor elementor-11417\" data-elementor-post-type=\"page\">\n\t\t\t\t<div class=\"elementor-element elementor-element-b965183 e-con-full e-flex e-con e-child\" data-id=\"b965183\" data-element_type=\"container\">\n\t\t<div class=\"elementor-element elementor-element-7b6a024 e-con-full e-flex e-con e-child\" data-id=\"7b6a024\" data-element_type=\"container\">\n\t\t<div class=\"elementor-element elementor-element-be8fcd9 e-con-full e-flex e-con e-child\" data-id=\"be8fcd9\" data-element_type=\"container\">\n\t\t\t\t<div class=\"elementor-element elementor-element-fca9fc7 animated-fast elementor-widget elementor-widget-heading\" data-id=\"fca9fc7\" data-element_type=\"widget\" data-settings=\"{&quot;_animation&quot;:&quot;none&quot;}\" data-widget_type=\"heading.default\">\n\t\t\t\t\t<p class=\"elementor-heading-title elementor-size-default\">Voting aktiv<\/p>\t\t\t\t<\/div>\n\t\t\t\t<div class=\"elementor-element elementor-element-c91996e elementor-widget elementor-widget-heading\" data-id=\"c91996e\" data-element_type=\"widget\" data-widget_type=\"heading.default\">\n\t\t\t\t\t<p class=\"elementor-heading-title elementor-size-default\">Ab 15. Juni 2026<\/p>\t\t\t\t<\/div>\n\t\t\t\t<\/div>\n\t\t\t\t<div class=\"elementor-element elementor-element-8b30fc1 animated-fast elementor-widget-tablet__width-initial elementor-widget elementor-widget-heading\" data-id=\"8b30fc1\" data-element_type=\"widget\" data-settings=\"{&quot;_animation&quot;:&quot;none&quot;}\" data-widget_type=\"heading.default\">\n\t\t\t\t\t<h1 class=\"elementor-heading-title elementor-size-default\">\u00d6ffentliches Publikumsvoting: Schweizer Museumspreis 2026<\/h1>\t\t\t\t<\/div>\n\t\t\t\t<\/div>\n\t\t<div class=\"elementor-element elementor-element-e67c9f9 e-con-full e-flex e-con e-child\" data-id=\"e67c9f9\" data-element_type=\"container\" data-settings=\"{&quot;background_background&quot;:&quot;classic&quot;}\">\n\t\t\t\t<div class=\"elementor-element elementor-element-b8f6c3d animated-fast elementor-widget-tablet__width-inherit elementor-widget elementor-widget-text-editor\" data-id=\"b8f6c3d\" data-element_type=\"widget\" data-settings=\"{&quot;_animation&quot;:&quot;none&quot;,&quot;_animation_delay&quot;:50}\" data-widget_type=\"text-editor.default\">\n\t\t\t\t\t\t\t\t\t<p><b>Ihre Stimme z\u00e4hlt &#8211; bald ist es soweit!<\/b><\/p><p data-path-to-node=\"5\">Sch\u00f6n, dass Sie den Weg zu uns gefunden haben! Wir freuen uns \u00fcber das grosse Interesse am diesj\u00e4hrigen Museumspreis.<\/p><p data-path-to-node=\"6\"><b data-path-to-node=\"6\" data-index-in-node=\"0\">Wichtiger Hinweis zum Termin:<\/b><\/p><p data-path-to-node=\"6\">Auf den Informationsstelen in den Museen wird der 18. Mai als Startdatum f\u00fcr das Voting genannt. Aufgrund verschiedener R\u00fcckmeldungen unserer Partnermuseen haben wir uns jedoch entschieden, die Bewerbungsfrist bis zum 31. Mai zu verl\u00e4ngern. Wir m\u00f6chten sicherstellen, dass alle Museen die gleiche Chance erhalten, ihre Bewerbung vollst\u00e4ndig einzureichen.<\/p><p data-path-to-node=\"7\">Dadurch verschiebt sich der weitere Ablauf wie folgt:<\/p><h3 data-path-to-node=\"6\">So geht es weiter:<\/h3><ul data-path-to-node=\"7\"><li><p data-path-to-node=\"7,0,0\"><b data-path-to-node=\"9,0,0\" data-index-in-node=\"0\">Bis 31. Mai 2026:<\/b> Abschluss der verl\u00e4ngerten Bewerbungsphase.<\/p><\/li><li><p data-path-to-node=\"7,1,0\"><b data-path-to-node=\"9,1,0\" data-index-in-node=\"0\">15. Juni 2026:<\/b> Bekanntgabe der offiziellen <b data-path-to-node=\"9,1,0\" data-index-in-node=\"43\">Shortlist<\/b>. Ab diesem Tag finden Sie hier alle nominierten Museen im Detail vorgestellt.<\/p><\/li><li><p data-path-to-node=\"7,2,0\"><b data-path-to-node=\"9,2,0\" data-index-in-node=\"0\">Voting-Phase:<\/b> Vom <b data-path-to-node=\"9,2,0\" data-index-in-node=\"18\">15. Juni bis September 2026<\/b> k\u00f6nnen Sie online f\u00fcr Ihren Favoriten abstimmen.<\/p><\/li><\/ul><p data-path-to-node=\"10\"><b data-path-to-node=\"10\" data-index-in-node=\"0\">Transparenz:<\/b> Wir legen Wert auf ein faires Voting \u2013 pro Person ist eine Stimmabgabe m\u00f6glich.<\/p><p data-path-to-node=\"11\">Schauen Sie am <b data-path-to-node=\"11\" data-index-in-node=\"15\">15. Juni<\/b> wieder vorbei, entdecken Sie die Nominierten und unterst\u00fctzen Sie Ihr Lieblingsmuseum!<\/p>\t\t\t\t\t\t\t\t<\/div>\n\t\t\t\t<\/div>\n\t\t\t\t<\/div>\n\t\t\t\t<\/div>\n\t\t","protected":false},"excerpt":{"rendered":"<p>Voting aktiv Ab 15. Juni 2026 \u00d6ffentliches Publikumsvoting: Schweizer Museumspreis 2026 Ihre Stimme z\u00e4hlt &#8211; bald ist es soweit! Sch\u00f6n, dass Sie den Weg zu uns gefunden haben! Wir freuen uns \u00fcber das grosse Interesse am diesj\u00e4hrigen Museumspreis. Wichtiger Hinweis zum Termin: Auf den Informationsstelen in den Museen wird der 18. Mai als Startdatum f\u00fcr [&hellip;]<\/p>\n","protected":false},"author":1,"featured_media":0,"parent":7461,"menu_order":100,"comment_status":"closed","ping_status":"closed","template":"","meta":{"footnotes":""},"class_list":["post-11417","page","type-page","status-publish","hentry"],"yoast_head":"<!-- This site is optimized with the Yoast SEO plugin v26.8 - https:\/\/yoast.com\/product\/yoast-seo-wordpress\/ -->\n<title>Voting: Themenwahl Schweizer Museumspreis 2026<\/title>\n<meta name=\"description\" content=\"Welches Thema soll im Fokus des allerersten Schweizer Museumspreises 2026 stehen? Sie bestimmen mit, worum es geht!\" \/>\n<meta name=\"robots\" content=\"index, follow, max-snippet:-1, max-image-preview:large, max-video-preview:-1\" \/>\n<link rel=\"canonical\" href=\"https:\/\/www.museumspass.ch\/de\/museumspreis\/voting\/\" \/>\n<meta property=\"og:locale\" content=\"de_DE\" \/>\n<meta property=\"og:type\" content=\"article\" \/>\n<meta property=\"og:title\" content=\"Voting: Themenwahl Schweizer Museumspreis 2026\" \/>\n<meta property=\"og:description\" content=\"Welches Thema soll im Fokus des allerersten Schweizer Museumspreises 2026 stehen? Sie bestimmen mit, worum es geht!\" \/>\n<meta property=\"og:url\" content=\"https:\/\/www.museumspass.ch\/de\/museumspreis\/voting\/\" \/>\n<meta property=\"og:site_name\" content=\"Schweizer Museumspass\" \/>\n<meta property=\"article:publisher\" content=\"https:\/\/www.facebook.com\/SchweizerMuseumspass\/\" \/>\n<meta property=\"article:modified_time\" content=\"2026-04-28T14:23:25+00:00\" \/>\n<meta property=\"og:image\" content=\"https:\/\/www.museumspass.ch\/wp-content\/uploads\/Design-ohne-Titel-55.png\" \/>\n\t<meta property=\"og:image:width\" content=\"1024\" \/>\n\t<meta property=\"og:image:height\" content=\"576\" \/>\n\t<meta property=\"og:image:type\" content=\"image\/png\" \/>\n<meta name=\"twitter:card\" content=\"summary_large_image\" \/>\n<meta name=\"twitter:label1\" content=\"Gesch\u00e4tzte Lesezeit\" \/>\n\t<meta name=\"twitter:data1\" content=\"1\u00a0Minute\" \/>\n<script type=\"application\/ld+json\" class=\"yoast-schema-graph\">{\"@context\":\"https:\/\/schema.org\",\"@graph\":[{\"@type\":\"WebPage\",\"@id\":\"https:\/\/www.museumspass.ch\/museumspreis\/voting\/\",\"url\":\"https:\/\/www.museumspass.ch\/museumspreis\/voting\/\",\"name\":\"Voting: Themenwahl Schweizer Museumspreis 2026\",\"isPartOf\":{\"@id\":\"https:\/\/www.museumspass.ch\/de\/#website\"},\"datePublished\":\"2026-03-24T13:54:57+00:00\",\"dateModified\":\"2026-04-28T14:23:25+00:00\",\"description\":\"Welches Thema soll im Fokus des allerersten Schweizer Museumspreises 2026 stehen? Sie bestimmen mit, worum es geht!\",\"breadcrumb\":{\"@id\":\"https:\/\/www.museumspass.ch\/museumspreis\/voting\/#breadcrumb\"},\"inLanguage\":\"de\",\"potentialAction\":[{\"@type\":\"ReadAction\",\"target\":[\"https:\/\/www.museumspass.ch\/museumspreis\/voting\/\"]}]},{\"@type\":\"BreadcrumbList\",\"@id\":\"https:\/\/www.museumspass.ch\/museumspreis\/voting\/#breadcrumb\",\"itemListElement\":[{\"@type\":\"ListItem\",\"position\":1,\"name\":\"Start\",\"item\":\"https:\/\/www.museumspass.ch\/de\/\"},{\"@type\":\"ListItem\",\"position\":2,\"name\":\"Museumspreis\",\"item\":\"https:\/\/www.museumspass.ch\/museumspreis\/\"},{\"@type\":\"ListItem\",\"position\":3,\"name\":\"Museumspreis 2026 &#8211; Schritt 6 &#8211; \u00d6ffentliches Publikumsvoting\"}]},{\"@type\":\"WebSite\",\"@id\":\"https:\/\/www.museumspass.ch\/de\/#website\",\"url\":\"https:\/\/www.museumspass.ch\/de\/\",\"name\":\"Schweizer Museumspass\",\"description\":\"1 Jahr lang kostenlosen Zugang zu \u00fcber 500 Schweizer Museen\",\"publisher\":{\"@id\":\"https:\/\/www.museumspass.ch\/de\/#organization\"},\"potentialAction\":[{\"@type\":\"SearchAction\",\"target\":{\"@type\":\"EntryPoint\",\"urlTemplate\":\"https:\/\/www.museumspass.ch\/de\/?s={search_term_string}\"},\"query-input\":{\"@type\":\"PropertyValueSpecification\",\"valueRequired\":true,\"valueName\":\"search_term_string\"}}],\"inLanguage\":\"de\"},{\"@type\":\"Organization\",\"@id\":\"https:\/\/www.museumspass.ch\/de\/#organization\",\"name\":\"Schweizer Museumspass\",\"url\":\"https:\/\/www.museumspass.ch\/de\/\",\"logo\":{\"@type\":\"ImageObject\",\"inLanguage\":\"de\",\"@id\":\"https:\/\/www.museumspass.ch\/de\/#\/schema\/logo\/image\/\",\"url\":\"https:\/\/www.museumspass.ch\/wp-content\/uploads\/Design-ohne-Titel-55.png\",\"contentUrl\":\"https:\/\/www.museumspass.ch\/wp-content\/uploads\/Design-ohne-Titel-55.png\",\"width\":1024,\"height\":576,\"caption\":\"Schweizer Museumspass\"},\"image\":{\"@id\":\"https:\/\/www.museumspass.ch\/de\/#\/schema\/logo\/image\/\"},\"sameAs\":[\"https:\/\/www.facebook.com\/SchweizerMuseumspass\/\",\"https:\/\/www.instagram.com\/museumspass\/\",\"https:\/\/www.linkedin.com\/company\/stiftung-schweizer-museumspass\/\"]}]}<\/script>\n<!-- \/ Yoast SEO plugin. -->","yoast_head_json":{"title":"Voting: Themenwahl Schweizer Museumspreis 2026","description":"Welches Thema soll im Fokus des allerersten Schweizer Museumspreises 2026 stehen? Sie bestimmen mit, worum es geht!","robots":{"index":"index","follow":"follow","max-snippet":"max-snippet:-1","max-image-preview":"max-image-preview:large","max-video-preview":"max-video-preview:-1"},"canonical":"https:\/\/www.museumspass.ch\/de\/museumspreis\/voting\/","og_locale":"de_DE","og_type":"article","og_title":"Voting: Themenwahl Schweizer Museumspreis 2026","og_description":"Welches Thema soll im Fokus des allerersten Schweizer Museumspreises 2026 stehen? Sie bestimmen mit, worum es geht!","og_url":"https:\/\/www.museumspass.ch\/de\/museumspreis\/voting\/","og_site_name":"Schweizer Museumspass","article_publisher":"https:\/\/www.facebook.com\/SchweizerMuseumspass\/","article_modified_time":"2026-04-28T14:23:25+00:00","og_image":[{"width":1024,"height":576,"url":"https:\/\/www.museumspass.ch\/wp-content\/uploads\/Design-ohne-Titel-55.png","type":"image\/png"}],"twitter_card":"summary_large_image","twitter_misc":{"Gesch\u00e4tzte Lesezeit":"1\u00a0Minute"},"schema":{"@context":"https:\/\/schema.org","@graph":[{"@type":"WebPage","@id":"https:\/\/www.museumspass.ch\/museumspreis\/voting\/","url":"https:\/\/www.museumspass.ch\/museumspreis\/voting\/","name":"Voting: Themenwahl Schweizer Museumspreis 2026","isPartOf":{"@id":"https:\/\/www.museumspass.ch\/de\/#website"},"datePublished":"2026-03-24T13:54:57+00:00","dateModified":"2026-04-28T14:23:25+00:00","description":"Welches Thema soll im Fokus des allerersten Schweizer Museumspreises 2026 stehen? Sie bestimmen mit, worum es geht!","breadcrumb":{"@id":"https:\/\/www.museumspass.ch\/museumspreis\/voting\/#breadcrumb"},"inLanguage":"de","potentialAction":[{"@type":"ReadAction","target":["https:\/\/www.museumspass.ch\/museumspreis\/voting\/"]}]},{"@type":"BreadcrumbList","@id":"https:\/\/www.museumspass.ch\/museumspreis\/voting\/#breadcrumb","itemListElement":[{"@type":"ListItem","position":1,"name":"Start","item":"https:\/\/www.museumspass.ch\/de\/"},{"@type":"ListItem","position":2,"name":"Museumspreis","item":"https:\/\/www.museumspass.ch\/museumspreis\/"},{"@type":"ListItem","position":3,"name":"Museumspreis 2026 &#8211; Schritt 6 &#8211; \u00d6ffentliches Publikumsvoting"}]},{"@type":"WebSite","@id":"https:\/\/www.museumspass.ch\/de\/#website","url":"https:\/\/www.museumspass.ch\/de\/","name":"Schweizer Museumspass","description":"1 Jahr lang kostenlosen Zugang zu \u00fcber 500 Schweizer Museen","publisher":{"@id":"https:\/\/www.museumspass.ch\/de\/#organization"},"potentialAction":[{"@type":"SearchAction","target":{"@type":"EntryPoint","urlTemplate":"https:\/\/www.museumspass.ch\/de\/?s={search_term_string}"},"query-input":{"@type":"PropertyValueSpecification","valueRequired":true,"valueName":"search_term_string"}}],"inLanguage":"de"},{"@type":"Organization","@id":"https:\/\/www.museumspass.ch\/de\/#organization","name":"Schweizer Museumspass","url":"https:\/\/www.museumspass.ch\/de\/","logo":{"@type":"ImageObject","inLanguage":"de","@id":"https:\/\/www.museumspass.ch\/de\/#\/schema\/logo\/image\/","url":"https:\/\/www.museumspass.ch\/wp-content\/uploads\/Design-ohne-Titel-55.png","contentUrl":"https:\/\/www.museumspass.ch\/wp-content\/uploads\/Design-ohne-Titel-55.png","width":1024,"height":576,"caption":"Schweizer Museumspass"},"image":{"@id":"https:\/\/www.museumspass.ch\/de\/#\/schema\/logo\/image\/"},"sameAs":["https:\/\/www.facebook.com\/SchweizerMuseumspass\/","https:\/\/www.instagram.com\/museumspass\/","https:\/\/www.linkedin.com\/company\/stiftung-schweizer-museumspass\/"]}]}},"publishpress_future_action":{"enabled":false,"date":"2026-05-22 09:42:13","action":"change-status","newStatus":"draft","terms":[],"taxonomy":"","extraData":[]},"publishpress_future_workflow_manual_trigger":{"enabledWorkflows":[]},"_links":{"self":[{"href":"https:\/\/www.museumspass.ch\/de\/wp-json\/wp\/v2\/pages\/11417","targetHints":{"allow":["GET"]}}],"collection":[{"href":"https:\/\/www.museumspass.ch\/de\/wp-json\/wp\/v2\/pages"}],"about":[{"href":"https:\/\/www.museumspass.ch\/de\/wp-json\/wp\/v2\/types\/page"}],"author":[{"embeddable":true,"href":"https:\/\/www.museumspass.ch\/de\/wp-json\/wp\/v2\/users\/1"}],"replies":[{"embeddable":true,"href":"https:\/\/www.museumspass.ch\/de\/wp-json\/wp\/v2\/comments?post=11417"}],"version-history":[{"count":11,"href":"https:\/\/www.museumspass.ch\/de\/wp-json\/wp\/v2\/pages\/11417\/revisions"}],"predecessor-version":[{"id":12507,"href":"https:\/\/www.museumspass.ch\/de\/wp-json\/wp\/v2\/pages\/11417\/revisions\/12507"}],"up":[{"embeddable":true,"href":"https:\/\/www.museumspass.ch\/de\/wp-json\/wp\/v2\/pages\/7461"}],"wp:attachment":[{"href":"https:\/\/www.museumspass.ch\/de\/wp-json\/wp\/v2\/media?parent=11417"}],"curies":[{"name":"wp","href":"https:\/\/api.w.org\/{rel}","templated":true}]}}