{"id":1733,"date":"2025-11-03T09:46:22","date_gmt":"2025-11-03T09:46:22","guid":{"rendered":"https:\/\/museumspass.gefire.org\/?page_id=1733"},"modified":"2026-01-20T15:29:20","modified_gmt":"2026-01-20T15:29:20","slug":"agb","status":"publish","type":"page","link":"https:\/\/www.museumspass.ch\/de\/agb\/","title":{"rendered":"AGB"},"content":{"rendered":"\t\t<div data-elementor-type=\"wp-page\" data-elementor-id=\"1733\" class=\"elementor elementor-1733\" data-elementor-post-type=\"page\">\n\t\t\t\t<div class=\"elementor-element elementor-element-3518d5f e-flex e-con-boxed e-con e-parent\" data-id=\"3518d5f\" data-element_type=\"container\">\n\t\t\t\t\t<div class=\"e-con-inner\">\n\t\t<div class=\"elementor-element elementor-element-4540421 e-con-full e-flex e-con e-child\" data-id=\"4540421\" data-element_type=\"container\">\n\t\t\t\t<div class=\"elementor-element elementor-element-5bc5c25 animated-fast elementor-invisible elementor-widget elementor-widget-heading\" data-id=\"5bc5c25\" data-element_type=\"widget\" data-settings=\"{&quot;_animation&quot;:&quot;fadeInUp&quot;,&quot;_animation_tablet&quot;:&quot;none&quot;,&quot;_animation_mobile&quot;:&quot;none&quot;}\" data-widget_type=\"heading.default\">\n\t\t\t\t\t<p class=\"elementor-heading-title elementor-size-default\">AGB<\/p>\t\t\t\t<\/div>\n\t\t\t\t<div class=\"elementor-element elementor-element-b849134 animated-fast elementor-widget__width-inherit elementor-invisible elementor-widget elementor-widget-heading\" data-id=\"b849134\" data-element_type=\"widget\" data-settings=\"{&quot;_animation&quot;:&quot;fadeInUp&quot;,&quot;_animation_tablet&quot;:&quot;none&quot;,&quot;_animation_mobile&quot;:&quot;none&quot;}\" data-widget_type=\"heading.default\">\n\t\t\t\t\t<h1 class=\"elementor-heading-title elementor-size-default\">Allgemeine Gesch\u00e4ftsbedingungen<\/h1>\t\t\t\t<\/div>\n\t\t<div class=\"elementor-element elementor-element-19a6cff e-con-full e-flex e-con e-child\" data-id=\"19a6cff\" data-element_type=\"container\" data-settings=\"{&quot;background_background&quot;:&quot;classic&quot;}\">\n\t\t\t\t<div class=\"elementor-element elementor-element-dc1cb4f animated-fast elementor-widget-tablet__width-inherit elementor-invisible elementor-widget elementor-widget-text-editor\" data-id=\"dc1cb4f\" data-element_type=\"widget\" data-settings=\"{&quot;_animation&quot;:&quot;fadeInUp&quot;,&quot;_animation_delay&quot;:50,&quot;_animation_tablet&quot;:&quot;none&quot;,&quot;_animation_mobile&quot;:&quot;none&quot;}\" data-widget_type=\"text-editor.default\">\n\t\t\t\t\t\t\t\t\t<h2><strong>1. Geltungsbereich und Vertragspartner<\/strong><\/h2>\n<p>1.1. Die nachstehenden allgemeinen Gesch\u00e4ftsbedingungen (\u00abAGB\u00bb) regeln den Abschluss, den Inhalt und die Abwicklung von Vertr\u00e4gen zwischen der Stiftung Schweizer Museumspass, Heinrichstrasse 177, 8005 Z\u00fcrich, Schweiz (\u00abSSMP\u00bb) und ihren Kunden im Zusammenhang mit dem Verkauf von Leistungen (insbesondere Kaufvertrag betreffend Museumspass).<\/p>\n<p>1.2. Sofern der Kaufvertrag auf der von SSMP betriebenen Website&nbsp;&nbsp;<a href=\"http:\/\/www.museumspass.ch\/\">www.museumspass.ch<\/a>&nbsp;(\u00abSSMP-Website\u00bb) eingegangen wird, kann der Kunde die AGB auf der Website direkt einsehen und\/oder abspeichern. Wird der Kaufvertrag ausserhalb der Website eingegangen (insb. Museumspassk\u00e4ufe bei Museen, Tourismus-B\u00fcros, Schweizer Poststellen etc., \u00abSSMP-Partner\u00bb), sind die AGB bei den entsprechenden SSMP-Partnern hinterlegt und k\u00f6nnen direkt vor Ort eingesehen werden.<\/p>\n<p>1.3. Anderslautende Vertragsbedingungen, namentlich auch solche, welche der Kunde zusammen mit der Vertragsannahme f\u00fcr anwendbar erkl\u00e4rt, haben nur G\u00fcltigkeit, wenn und soweit sie von SSMP ausdr\u00fccklich und in schriftlicher Form akzeptiert worden sind.<\/p>\n<p>1.4. Die AGB gelten in ihrer zum Zeitpunkt der Annahme g\u00fcltigen Fassung. SSMP beh\u00e4lt sich das Recht der jederzeitigen \u00c4nderung dieser AGB vor.<br><br><\/p>\n<h2><strong>2.&nbsp;<\/strong><strong>Kundenservice<\/strong><\/h2>\n<p>Bei Fragen, W\u00fcnschen oder Beschwerden kann der Kunde SSMP jederzeit kontaktieren (postalisch: Schweizer Museumspass, Heinrichstrasse 177, CH \u2013 8005 Z\u00fcrich, Telefon: +41 44 271 4141; per E-Mail:&nbsp;<a href=\"mailto:info@museumspass.ch\">info@museumspass.ch<\/a>).<br><br><\/p>\n<h2><strong>3. Vertragsabschluss<\/strong><\/h2>\n<p>3.1. Vertragsabschluss auf der SSMP-Website<\/p>\n<p>Auf der SSMP-Website besteht die M\u00f6glichkeit, mittels Eingabemaske einen Museumspass zu bestellen. Die Eingabemaske stellt lediglich eine Einladung an den Kunden dar, ein Angebot zum Abschluss eines Kaufvertrags abzugeben.<\/p>\n<p>Ein verbindliches Angebot durch den Kunden wird ausgel\u00f6st, wenn der Kunde s\u00e4mtliche f\u00fcr die Vertragsdurchf\u00fchrung erforderlichen Daten in die Eingabemaske eingegeben, die Kenntnisnahme dieser AGB best\u00e4tigt und den Button \u201ePass kaufen\u201c angeklickt und den Zahlungsvorgang abgeschlossen hat. Der Kunde hat die M\u00f6glichkeit jederzeit die Daten in seinem Kundenkonto selbst\u00e4ndig zu \u00e4ndern. Nach Abschluss der Bestellung erh\u00e4lt der Kunde per E-Mail einen QR-Code, welcher vor\u00fcbergehend bis zum Erhalt des Museumspasses als Zutrittsticket f\u00fcr die Museen verwendet werden kann.<\/p>\n<p>SSMP beh\u00e4lt sich die Annahme der Bestellung vor. Zum Abschluss eines Vertrags aufgrund einer Bestellung ist SSMP nicht verpflichtet. Eine Bestellung kann insbesondere dann storniert oder abgelehnt werden, wenn eine Verletzung dieser AGB vorliegt oder ein entsprechender Verdacht besteht. Ein solcher Fall liegt z.B. vor, wenn ein Kunde bei einer fr\u00fcheren Bestellung nicht bezahlt hat. \u00dcber Stornierungen und Ablehnungen wird der Kunde jeweils per E-Mail informiert.<\/p>\n<p>Der Vertrag kommt erst durch ausdr\u00fcckliche Annahmeerkl\u00e4rung von SSMP zustande. Die Annahme wird dadurch erkl\u00e4rt, dass SSMP dem Kunden eine Auftrags- oder Versandbest\u00e4tigung per E-Mail an die angegebene E-Mail-Adresse schickt.<\/p>\n<p>3.2. Vertragsabschluss ausserhalb der SSMP-Website<\/p>\n<p>Der Museumspass kann auch ausserhalb der SSMP-Website gekauft werden:<\/p>\n<p>Wird der Museumspass ausserhalb der Website bei den SSMP-Partnern gekauft oder direkt beim SSMP-B\u00fcro, gilt der Vertrag zwischen SSMP und dem Kunden als unmittelbar abgeschlossen (sog. Vertrag unter Anwesenden). Das vor Ort ausgef\u00fcllte Bestellformular gilt als \u00dcbergangsticket und verliert seine G\u00fcltigkeit mit dem Erhalt des Museumspasses (ca. 5-8 Werktage nach dem Kauf vor Ort).<\/p>\n<p>Wird der Museumspass telefonisch bestellt, gilt der Vertrag zwischen SSMP und dem Kunden ebenfalls als unmittelbar abgeschlossen (sog. Vertrag unter Anwesenden). Der Kunde erh\u00e4lt den Museumspass innert 5-8 Werktagen.<br><br><\/p>\n<h2><strong>4. Preise<\/strong><\/h2>\n<p>4.1. Alle Museumspasspreise (auf und ausserhalb der SSMP-Website) verstehen sich einschliesslich der jeweils g\u00fcltigen gesetzlichen Mehrwertsteuer.<\/p>\n<p>4.2. Preisschwankungen sind m\u00f6glich. Massgeblich ist der durch SSMP zum Zeitpunkt der Bestellung bzw. des Kaufes angegebene Preis.<br><br><\/p>\n<h2><strong>5. Versand und Lieferung<\/strong><\/h2>\n<p>5.1. SSMP teilt dem Kunden die ggf. anfallenden Versandkosten sowie allf\u00e4llige andere Kosten im Bestellformular unmittelbar vor Abgabe der Bestellung mit.<\/p>\n<p>5.2. Sofern nichts anderes vereinbart ist, erfolgt die Lieferung des Museumspasses an die vom Kunden angegebene Adresse. SSMP teilt dem Kunden die Lieferfrist ggf. w\u00e4hrend des Bestellprozesses oder in der Auftrags- bzw. Versandbest\u00e4tigung mit. Sofern nichts anderes mitgeteilt wird, betr\u00e4gt die Lieferfrist im Standardversand 2 bis 5 Werktage ab Auftrags- oder Versandbest\u00e4tigung.<\/p>\n<p>5.3. Nach Bezahlung ist der Kunde zur Abnahme verpflichtet. Stornoauftr\u00e4ge k\u00f6nnen nicht mehr ber\u00fccksichtigt werden<\/p>\n<p>5.4. Sollte eine Lieferung trotz Versand- oder Auftragsbest\u00e4tigung nicht beim Kunden ankommen, hat sich der Kunde unverz\u00fcglich an SSMP zu wenden (siehe Ziff. 2 vorangehend).<br><br><\/p>\n<h2><strong>6.&nbsp;<\/strong><strong>Zahlungsmodalit\u00e4ten<br><\/strong><\/h2>\n<p>F\u00fcr online Bestellungen steht dem Kunden die Bezahlung per Kreditkarte (Mastercard, Visa) und anderen Online Zahlungsdiensten (Twint, GooglePay) zur Verf\u00fcgung. Bei Verk\u00e4ufen vor Ort kann der Kunde in bar oder mit Karte bezahlen.<br><br><\/p>\n<h2><strong>7. Abtretung<\/strong><\/h2>\n<p>SSMP beh\u00e4lt sich das Recht vor, die im Zusammenhang mit der Lieferung entstandenen f\u00e4lligen Kaufpreisforderungen gegen\u00fcber dem Kunden einschlie\u00dflich etwaiger f\u00e4lliger Teilzahlungsraten, Verzugszinsen und Mahngeb\u00fchren an Dritte abzutreten oder zu verpf\u00e4nden.<br><br><\/p>\n<h2><strong>8. Haftung<\/strong><\/h2>\n<p>8.1. Jegliche Haftung f\u00fcr Sch\u00e4den, Folgesch\u00e4den und entgangene Gewinne aller Art des Kunden bei der Inanspruchnahme der SSMP-Leistungen (ins. Besuch der Museen und anderer Veranstaltungsorte) sowie die Haftung f\u00fcr Forderungen und Schadenersatzanspr\u00fcche Dritter sind ausgeschlossen.<\/p>\n<p>8.2. Die Haftung von SSMP f\u00fcr leichte Fahrl\u00e4ssigkeit wird ausgeschlossen. Die Haftung f\u00fcr Hilfspersonen wird vollst\u00e4ndig wegbedungen.<br><br><\/p>\n<h2><strong>9. Datenschutz<\/strong><\/h2>\n<p>Die Erhebung und die Bearbeitung von Personendaten \u00fcber den Kunden durch SSMP ist in der Datenschutzerkl\u00e4rung erl\u00e4utert. Diese bildet einen integrierenden Vertragsbestandteil dieser AGB. Die Datenschutzerkl\u00e4rung ist hier abrufbar. Mit der Zustimmung zu diesen AGB erkl\u00e4rt der Kunde auch, die Datenschutzerkl\u00e4rung gelesen und verstanden zu haben.<br><br><\/p>\n<h2><strong>10.&nbsp; Anwendbares Recht und Gerichtsstand<\/strong><\/h2>\n<p>Es gilt ausschliesslich Schweizer Recht. Das UN-Kaufrecht ist ausgeschlossen. Gerichtsstand ist Z\u00fcrich.<\/p>\n<p>Stand: 1.9.2022<\/p>\t\t\t\t\t\t\t\t<\/div>\n\t\t\t\t<\/div>\n\t\t\t\t<\/div>\n\t\t\t\t\t<\/div>\n\t\t\t\t<\/div>\n\t\t\t\t<\/div>\n\t\t","protected":false},"excerpt":{"rendered":"<p>Allgemeine Gesch\u00e4ftsbedingungen 1. Geltungsbereich und Vertragspartner 1.1. Die nachstehenden allgemeinen Gesch\u00e4ftsbedingungen (\u00abAGB\u00bb) regeln den Abschluss, den Inhalt und die Abwicklung von Vertr\u00e4gen zwischen der Stiftung Schweizer Museumspass, Heinrichstrasse 177, 8005 Z\u00fcrich, Schweiz (\u00abSSMP\u00bb) und ihren Kunden im Zusammenhang mit dem Verkauf von Leistungen (insbesondere Kaufvertrag betreffend Museumspass). 1.2. Sofern der Kaufvertrag auf der von SSMP [&hellip;]<\/p>\n","protected":false},"author":1,"featured_media":0,"parent":0,"menu_order":13,"comment_status":"closed","ping_status":"closed","template":"","meta":{"footnotes":""},"class_list":["post-1733","page","type-page","status-publish","hentry"],"yoast_head":"<!-- This site is optimized with the Yoast SEO plugin v26.8 - https:\/\/yoast.com\/product\/yoast-seo-wordpress\/ -->\n<title>AGB - Schweizer Museumspass<\/title>\n<meta name=\"description\" content=\"Jetzt lesen: Allgemeine Gesch\u00e4ftsbedingungen - SCHWEIZER MUSEUMSPASS\" \/>\n<meta name=\"robots\" content=\"index, follow, max-snippet:-1, max-image-preview:large, max-video-preview:-1\" \/>\n<link rel=\"canonical\" href=\"https:\/\/www.museumspass.ch\/de\/agb\/\" \/>\n<meta property=\"og:locale\" content=\"de_DE\" \/>\n<meta property=\"og:type\" content=\"article\" \/>\n<meta property=\"og:title\" content=\"AGB - Schweizer Museumspass\" \/>\n<meta property=\"og:description\" content=\"Jetzt lesen: Allgemeine Gesch\u00e4ftsbedingungen - SCHWEIZER MUSEUMSPASS\" \/>\n<meta property=\"og:url\" content=\"https:\/\/www.museumspass.ch\/de\/agb\/\" \/>\n<meta property=\"og:site_name\" content=\"Schweizer Museumspass\" \/>\n<meta property=\"article:publisher\" content=\"https:\/\/www.facebook.com\/SchweizerMuseumspass\/\" \/>\n<meta property=\"article:modified_time\" content=\"2026-01-20T15:29:20+00:00\" \/>\n<meta property=\"og:image\" content=\"https:\/\/www.museumspass.ch\/wp-content\/uploads\/Design-ohne-Titel-55.png\" \/>\n\t<meta property=\"og:image:width\" content=\"1024\" \/>\n\t<meta property=\"og:image:height\" content=\"576\" \/>\n\t<meta property=\"og:image:type\" content=\"image\/png\" \/>\n<meta name=\"twitter:card\" content=\"summary_large_image\" \/>\n<meta name=\"twitter:label1\" content=\"Gesch\u00e4tzte Lesezeit\" \/>\n\t<meta name=\"twitter:data1\" content=\"5\u00a0Minuten\" \/>\n<script type=\"application\/ld+json\" class=\"yoast-schema-graph\">{\"@context\":\"https:\/\/schema.org\",\"@graph\":[{\"@type\":\"WebPage\",\"@id\":\"https:\/\/www.museumspass.ch\/agb\/\",\"url\":\"https:\/\/www.museumspass.ch\/agb\/\",\"name\":\"AGB - Schweizer Museumspass\",\"isPartOf\":{\"@id\":\"https:\/\/www.museumspass.ch\/de\/#website\"},\"datePublished\":\"2025-11-03T09:46:22+00:00\",\"dateModified\":\"2026-01-20T15:29:20+00:00\",\"description\":\"Jetzt lesen: Allgemeine Gesch\u00e4ftsbedingungen - SCHWEIZER MUSEUMSPASS\",\"breadcrumb\":{\"@id\":\"https:\/\/www.museumspass.ch\/agb\/#breadcrumb\"},\"inLanguage\":\"de\",\"potentialAction\":[{\"@type\":\"ReadAction\",\"target\":[\"https:\/\/www.museumspass.ch\/agb\/\"]}]},{\"@type\":\"BreadcrumbList\",\"@id\":\"https:\/\/www.museumspass.ch\/agb\/#breadcrumb\",\"itemListElement\":[{\"@type\":\"ListItem\",\"position\":1,\"name\":\"Start\",\"item\":\"https:\/\/www.museumspass.ch\/de\/\"},{\"@type\":\"ListItem\",\"position\":2,\"name\":\"AGB\"}]},{\"@type\":\"WebSite\",\"@id\":\"https:\/\/www.museumspass.ch\/de\/#website\",\"url\":\"https:\/\/www.museumspass.ch\/de\/\",\"name\":\"Schweizer Museumspass\",\"description\":\"1 Jahr lang kostenlosen Zugang zu \u00fcber 500 Schweizer Museen\",\"publisher\":{\"@id\":\"https:\/\/www.museumspass.ch\/de\/#organization\"},\"potentialAction\":[{\"@type\":\"SearchAction\",\"target\":{\"@type\":\"EntryPoint\",\"urlTemplate\":\"https:\/\/www.museumspass.ch\/de\/?s={search_term_string}\"},\"query-input\":{\"@type\":\"PropertyValueSpecification\",\"valueRequired\":true,\"valueName\":\"search_term_string\"}}],\"inLanguage\":\"de\"},{\"@type\":\"Organization\",\"@id\":\"https:\/\/www.museumspass.ch\/de\/#organization\",\"name\":\"Schweizer Museumspass\",\"url\":\"https:\/\/www.museumspass.ch\/de\/\",\"logo\":{\"@type\":\"ImageObject\",\"inLanguage\":\"de\",\"@id\":\"https:\/\/www.museumspass.ch\/de\/#\/schema\/logo\/image\/\",\"url\":\"https:\/\/www.museumspass.ch\/wp-content\/uploads\/Design-ohne-Titel-55.png\",\"contentUrl\":\"https:\/\/www.museumspass.ch\/wp-content\/uploads\/Design-ohne-Titel-55.png\",\"width\":1024,\"height\":576,\"caption\":\"Schweizer Museumspass\"},\"image\":{\"@id\":\"https:\/\/www.museumspass.ch\/de\/#\/schema\/logo\/image\/\"},\"sameAs\":[\"https:\/\/www.facebook.com\/SchweizerMuseumspass\/\",\"https:\/\/www.instagram.com\/museumspass\/\",\"https:\/\/www.linkedin.com\/company\/stiftung-schweizer-museumspass\/\"]}]}<\/script>\n<!-- \/ Yoast SEO plugin. -->","yoast_head_json":{"title":"AGB - Schweizer Museumspass","description":"Jetzt lesen: Allgemeine Gesch\u00e4ftsbedingungen - SCHWEIZER MUSEUMSPASS","robots":{"index":"index","follow":"follow","max-snippet":"max-snippet:-1","max-image-preview":"max-image-preview:large","max-video-preview":"max-video-preview:-1"},"canonical":"https:\/\/www.museumspass.ch\/de\/agb\/","og_locale":"de_DE","og_type":"article","og_title":"AGB - Schweizer Museumspass","og_description":"Jetzt lesen: Allgemeine Gesch\u00e4ftsbedingungen - SCHWEIZER MUSEUMSPASS","og_url":"https:\/\/www.museumspass.ch\/de\/agb\/","og_site_name":"Schweizer Museumspass","article_publisher":"https:\/\/www.facebook.com\/SchweizerMuseumspass\/","article_modified_time":"2026-01-20T15:29:20+00:00","og_image":[{"width":1024,"height":576,"url":"https:\/\/www.museumspass.ch\/wp-content\/uploads\/Design-ohne-Titel-55.png","type":"image\/png"}],"twitter_card":"summary_large_image","twitter_misc":{"Gesch\u00e4tzte Lesezeit":"5\u00a0Minuten"},"schema":{"@context":"https:\/\/schema.org","@graph":[{"@type":"WebPage","@id":"https:\/\/www.museumspass.ch\/agb\/","url":"https:\/\/www.museumspass.ch\/agb\/","name":"AGB - Schweizer Museumspass","isPartOf":{"@id":"https:\/\/www.museumspass.ch\/de\/#website"},"datePublished":"2025-11-03T09:46:22+00:00","dateModified":"2026-01-20T15:29:20+00:00","description":"Jetzt lesen: Allgemeine Gesch\u00e4ftsbedingungen - SCHWEIZER MUSEUMSPASS","breadcrumb":{"@id":"https:\/\/www.museumspass.ch\/agb\/#breadcrumb"},"inLanguage":"de","potentialAction":[{"@type":"ReadAction","target":["https:\/\/www.museumspass.ch\/agb\/"]}]},{"@type":"BreadcrumbList","@id":"https:\/\/www.museumspass.ch\/agb\/#breadcrumb","itemListElement":[{"@type":"ListItem","position":1,"name":"Start","item":"https:\/\/www.museumspass.ch\/de\/"},{"@type":"ListItem","position":2,"name":"AGB"}]},{"@type":"WebSite","@id":"https:\/\/www.museumspass.ch\/de\/#website","url":"https:\/\/www.museumspass.ch\/de\/","name":"Schweizer Museumspass","description":"1 Jahr lang kostenlosen Zugang zu \u00fcber 500 Schweizer Museen","publisher":{"@id":"https:\/\/www.museumspass.ch\/de\/#organization"},"potentialAction":[{"@type":"SearchAction","target":{"@type":"EntryPoint","urlTemplate":"https:\/\/www.museumspass.ch\/de\/?s={search_term_string}"},"query-input":{"@type":"PropertyValueSpecification","valueRequired":true,"valueName":"search_term_string"}}],"inLanguage":"de"},{"@type":"Organization","@id":"https:\/\/www.museumspass.ch\/de\/#organization","name":"Schweizer Museumspass","url":"https:\/\/www.museumspass.ch\/de\/","logo":{"@type":"ImageObject","inLanguage":"de","@id":"https:\/\/www.museumspass.ch\/de\/#\/schema\/logo\/image\/","url":"https:\/\/www.museumspass.ch\/wp-content\/uploads\/Design-ohne-Titel-55.png","contentUrl":"https:\/\/www.museumspass.ch\/wp-content\/uploads\/Design-ohne-Titel-55.png","width":1024,"height":576,"caption":"Schweizer Museumspass"},"image":{"@id":"https:\/\/www.museumspass.ch\/de\/#\/schema\/logo\/image\/"},"sameAs":["https:\/\/www.facebook.com\/SchweizerMuseumspass\/","https:\/\/www.instagram.com\/museumspass\/","https:\/\/www.linkedin.com\/company\/stiftung-schweizer-museumspass\/"]}]}},"publishpress_future_action":{"enabled":false,"date":"2026-05-01 01:53:59","action":"change-status","newStatus":"draft","terms":[],"taxonomy":"","extraData":[]},"publishpress_future_workflow_manual_trigger":{"enabledWorkflows":[]},"_links":{"self":[{"href":"https:\/\/www.museumspass.ch\/de\/wp-json\/wp\/v2\/pages\/1733","targetHints":{"allow":["GET"]}}],"collection":[{"href":"https:\/\/www.museumspass.ch\/de\/wp-json\/wp\/v2\/pages"}],"about":[{"href":"https:\/\/www.museumspass.ch\/de\/wp-json\/wp\/v2\/types\/page"}],"author":[{"embeddable":true,"href":"https:\/\/www.museumspass.ch\/de\/wp-json\/wp\/v2\/users\/1"}],"replies":[{"embeddable":true,"href":"https:\/\/www.museumspass.ch\/de\/wp-json\/wp\/v2\/comments?post=1733"}],"version-history":[{"count":16,"href":"https:\/\/www.museumspass.ch\/de\/wp-json\/wp\/v2\/pages\/1733\/revisions"}],"predecessor-version":[{"id":8503,"href":"https:\/\/www.museumspass.ch\/de\/wp-json\/wp\/v2\/pages\/1733\/revisions\/8503"}],"wp:attachment":[{"href":"https:\/\/www.museumspass.ch\/de\/wp-json\/wp\/v2\/media?parent=1733"}],"curies":[{"name":"wp","href":"https:\/\/api.w.org\/{rel}","templated":true}]}}