{"id":1738,"date":"2025-11-03T09:46:57","date_gmt":"2025-11-03T09:46:57","guid":{"rendered":"https:\/\/museumspass.gefire.org\/?page_id=1738"},"modified":"2026-01-20T15:27:46","modified_gmt":"2026-01-20T15:27:46","slug":"impressum","status":"publish","type":"page","link":"https:\/\/www.museumspass.ch\/de\/impressum\/","title":{"rendered":"Impressum"},"content":{"rendered":"\t\t<div data-elementor-type=\"wp-page\" data-elementor-id=\"1738\" class=\"elementor elementor-1738\" data-elementor-post-type=\"page\">\n\t\t\t\t<div class=\"elementor-element elementor-element-da6ca49 e-flex e-con-boxed e-con e-parent\" data-id=\"da6ca49\" data-element_type=\"container\">\n\t\t\t\t\t<div class=\"e-con-inner\">\n\t\t<div class=\"elementor-element elementor-element-c369e19 e-con-full e-flex e-con e-child\" data-id=\"c369e19\" data-element_type=\"container\">\n\t\t\t\t<div class=\"elementor-element elementor-element-a88aad6 animated-fast elementor-invisible elementor-widget elementor-widget-heading\" data-id=\"a88aad6\" data-element_type=\"widget\" data-settings=\"{&quot;_animation&quot;:&quot;fadeInUp&quot;,&quot;_animation_tablet&quot;:&quot;none&quot;,&quot;_animation_mobile&quot;:&quot;none&quot;}\" data-widget_type=\"heading.default\">\n\t\t\t\t\t<p class=\"elementor-heading-title elementor-size-default\">Impressum<\/p>\t\t\t\t<\/div>\n\t\t\t\t<div class=\"elementor-element elementor-element-7c22e22 animated-fast elementor-widget__width-inherit elementor-invisible elementor-widget elementor-widget-heading\" data-id=\"7c22e22\" data-element_type=\"widget\" data-settings=\"{&quot;_animation&quot;:&quot;fadeInUp&quot;,&quot;_animation_tablet&quot;:&quot;none&quot;,&quot;_animation_mobile&quot;:&quot;none&quot;}\" data-widget_type=\"heading.default\">\n\t\t\t\t\t<h1 class=\"elementor-heading-title elementor-size-default\">Impressum<\/h1>\t\t\t\t<\/div>\n\t\t<div class=\"elementor-element elementor-element-6c5a077 e-con-full e-flex e-con e-child\" data-id=\"6c5a077\" data-element_type=\"container\" data-settings=\"{&quot;background_background&quot;:&quot;classic&quot;}\">\n\t\t\t\t<div class=\"elementor-element elementor-element-47b8caa animated-fast elementor-widget-tablet__width-inherit elementor-invisible elementor-widget elementor-widget-text-editor\" data-id=\"47b8caa\" data-element_type=\"widget\" data-settings=\"{&quot;_animation&quot;:&quot;fadeInUp&quot;,&quot;_animation_delay&quot;:50,&quot;_animation_tablet&quot;:&quot;none&quot;,&quot;_animation_mobile&quot;:&quot;none&quot;}\" data-widget_type=\"text-editor.default\">\n\t\t\t\t\t\t\t\t\t<p><b>Stiftung Schweizer Museumspass<br \/><\/b>Heinrichstr. 177<br \/>CH-8005 Z\u00fcrich<br \/>T +41 44 271 41 41<br \/>F +41 44 271 41 81<br \/><a href=\"mailto:info@museumspass.ch\" target=\"_blank\" rel=\"noopener\">info@museumspass.ch<\/a><\/p><p>Die Stiftung Schweizer Museumspass ist im Handelregister des Kantons Z\u00fcrich eingetragen.<br \/>CH-260.7.000.196-7<\/p><p>\u00a0<\/p><p><strong>Haftungsausschluss<\/strong>:<\/p><p>Die\u00a0Stiftung Schweizer Museumspass\u00a0\u00fcbernimmt keine Haftung f\u00fcr den Inhalt der ver\u00f6ffentlichten Artikel. Die Geltendmachung von Anspr\u00fcchen jeglicher Art ist ausgeschlossen. Die Inhalte dieser Seite d\u00fcrfen nicht ohne ausdr\u00fcckliche schriftliche Genehmigung des Herausgebers in irgendeiner Form reproduziert oder unter Verwendung elektronischer Systeme verarbeitet, vervielf\u00e4ltigt oder verbreitet werden.<\/p><p>(Z\u00fcrich, 01.05.2017)<\/p>\t\t\t\t\t\t\t\t<\/div>\n\t\t\t\t<\/div>\n\t\t\t\t<\/div>\n\t\t\t\t\t<\/div>\n\t\t\t\t<\/div>\n\t\t\t\t<\/div>\n\t\t","protected":false},"excerpt":{"rendered":"<p>Impressum Stiftung Schweizer MuseumspassHeinrichstr. 177CH-8005 Z\u00fcrichT +41 44 271 41 41F +41 44 271 41 81info@museumspass.ch Die Stiftung Schweizer Museumspass ist im Handelregister des Kantons Z\u00fcrich eingetragen.CH-260.7.000.196-7 \u00a0 Haftungsausschluss: Die\u00a0Stiftung Schweizer Museumspass\u00a0\u00fcbernimmt keine Haftung f\u00fcr den Inhalt der ver\u00f6ffentlichten Artikel. Die Geltendmachung von Anspr\u00fcchen jeglicher Art ist ausgeschlossen. Die Inhalte dieser Seite d\u00fcrfen nicht ohne [&hellip;]<\/p>\n","protected":false},"author":1,"featured_media":0,"parent":0,"menu_order":14,"comment_status":"closed","ping_status":"closed","template":"","meta":{"footnotes":""},"class_list":["post-1738","page","type-page","status-publish","hentry"],"yoast_head":"<!-- This site is optimized with the Yoast SEO plugin v26.8 - https:\/\/yoast.com\/product\/yoast-seo-wordpress\/ -->\n<title>Impressum - Schweizer Museumspass<\/title>\n<meta name=\"description\" content=\"Impressum - SCHWEIZER MUSEUMSPASS: Rechtliche Angaben zur Stiftung, Kontakt, Verantwortliche und Hinweise zu Haftung und Urheberrecht auf einen Blick.\" \/>\n<meta name=\"robots\" content=\"index, follow, max-snippet:-1, max-image-preview:large, max-video-preview:-1\" \/>\n<link rel=\"canonical\" href=\"https:\/\/www.museumspass.ch\/de\/impressum\/\" \/>\n<meta property=\"og:locale\" content=\"de_DE\" \/>\n<meta property=\"og:type\" content=\"article\" \/>\n<meta property=\"og:title\" content=\"Impressum - Schweizer Museumspass\" \/>\n<meta property=\"og:description\" content=\"Impressum - SCHWEIZER MUSEUMSPASS: Rechtliche Angaben zur Stiftung, Kontakt, Verantwortliche und Hinweise zu Haftung und Urheberrecht auf einen Blick.\" \/>\n<meta property=\"og:url\" content=\"https:\/\/www.museumspass.ch\/de\/impressum\/\" \/>\n<meta property=\"og:site_name\" content=\"Schweizer Museumspass\" \/>\n<meta property=\"article:publisher\" content=\"https:\/\/www.facebook.com\/SchweizerMuseumspass\/\" \/>\n<meta property=\"article:modified_time\" content=\"2026-01-20T15:27:46+00:00\" \/>\n<meta property=\"og:image\" content=\"https:\/\/www.museumspass.ch\/wp-content\/uploads\/Design-ohne-Titel-55.png\" \/>\n\t<meta property=\"og:image:width\" content=\"1024\" \/>\n\t<meta property=\"og:image:height\" content=\"576\" \/>\n\t<meta property=\"og:image:type\" content=\"image\/png\" \/>\n<meta name=\"twitter:card\" content=\"summary_large_image\" \/>\n<meta name=\"twitter:label1\" content=\"Gesch\u00e4tzte Lesezeit\" \/>\n\t<meta name=\"twitter:data1\" content=\"1\u00a0Minute\" \/>\n<script type=\"application\/ld+json\" class=\"yoast-schema-graph\">{\"@context\":\"https:\/\/schema.org\",\"@graph\":[{\"@type\":\"WebPage\",\"@id\":\"https:\/\/www.museumspass.ch\/impressum\/\",\"url\":\"https:\/\/www.museumspass.ch\/impressum\/\",\"name\":\"Impressum - Schweizer Museumspass\",\"isPartOf\":{\"@id\":\"https:\/\/www.museumspass.ch\/de\/#website\"},\"datePublished\":\"2025-11-03T09:46:57+00:00\",\"dateModified\":\"2026-01-20T15:27:46+00:00\",\"description\":\"Impressum - SCHWEIZER MUSEUMSPASS: Rechtliche Angaben zur Stiftung, Kontakt, Verantwortliche und Hinweise zu Haftung und Urheberrecht auf einen Blick.\",\"breadcrumb\":{\"@id\":\"https:\/\/www.museumspass.ch\/impressum\/#breadcrumb\"},\"inLanguage\":\"de\",\"potentialAction\":[{\"@type\":\"ReadAction\",\"target\":[\"https:\/\/www.museumspass.ch\/impressum\/\"]}]},{\"@type\":\"BreadcrumbList\",\"@id\":\"https:\/\/www.museumspass.ch\/impressum\/#breadcrumb\",\"itemListElement\":[{\"@type\":\"ListItem\",\"position\":1,\"name\":\"Start\",\"item\":\"https:\/\/www.museumspass.ch\/de\/\"},{\"@type\":\"ListItem\",\"position\":2,\"name\":\"Impressum\"}]},{\"@type\":\"WebSite\",\"@id\":\"https:\/\/www.museumspass.ch\/de\/#website\",\"url\":\"https:\/\/www.museumspass.ch\/de\/\",\"name\":\"Schweizer Museumspass\",\"description\":\"1 Jahr lang kostenlosen Zugang zu \u00fcber 500 Schweizer Museen\",\"publisher\":{\"@id\":\"https:\/\/www.museumspass.ch\/de\/#organization\"},\"potentialAction\":[{\"@type\":\"SearchAction\",\"target\":{\"@type\":\"EntryPoint\",\"urlTemplate\":\"https:\/\/www.museumspass.ch\/de\/?s={search_term_string}\"},\"query-input\":{\"@type\":\"PropertyValueSpecification\",\"valueRequired\":true,\"valueName\":\"search_term_string\"}}],\"inLanguage\":\"de\"},{\"@type\":\"Organization\",\"@id\":\"https:\/\/www.museumspass.ch\/de\/#organization\",\"name\":\"Schweizer Museumspass\",\"url\":\"https:\/\/www.museumspass.ch\/de\/\",\"logo\":{\"@type\":\"ImageObject\",\"inLanguage\":\"de\",\"@id\":\"https:\/\/www.museumspass.ch\/de\/#\/schema\/logo\/image\/\",\"url\":\"https:\/\/www.museumspass.ch\/wp-content\/uploads\/Design-ohne-Titel-55.png\",\"contentUrl\":\"https:\/\/www.museumspass.ch\/wp-content\/uploads\/Design-ohne-Titel-55.png\",\"width\":1024,\"height\":576,\"caption\":\"Schweizer Museumspass\"},\"image\":{\"@id\":\"https:\/\/www.museumspass.ch\/de\/#\/schema\/logo\/image\/\"},\"sameAs\":[\"https:\/\/www.facebook.com\/SchweizerMuseumspass\/\",\"https:\/\/www.instagram.com\/museumspass\/\",\"https:\/\/www.linkedin.com\/company\/stiftung-schweizer-museumspass\/\"]}]}<\/script>\n<!-- \/ Yoast SEO plugin. -->","yoast_head_json":{"title":"Impressum - Schweizer Museumspass","description":"Impressum - SCHWEIZER MUSEUMSPASS: Rechtliche Angaben zur Stiftung, Kontakt, Verantwortliche und Hinweise zu Haftung und Urheberrecht auf einen Blick.","robots":{"index":"index","follow":"follow","max-snippet":"max-snippet:-1","max-image-preview":"max-image-preview:large","max-video-preview":"max-video-preview:-1"},"canonical":"https:\/\/www.museumspass.ch\/de\/impressum\/","og_locale":"de_DE","og_type":"article","og_title":"Impressum - Schweizer Museumspass","og_description":"Impressum - SCHWEIZER MUSEUMSPASS: Rechtliche Angaben zur Stiftung, Kontakt, Verantwortliche und Hinweise zu Haftung und Urheberrecht auf einen Blick.","og_url":"https:\/\/www.museumspass.ch\/de\/impressum\/","og_site_name":"Schweizer Museumspass","article_publisher":"https:\/\/www.facebook.com\/SchweizerMuseumspass\/","article_modified_time":"2026-01-20T15:27:46+00:00","og_image":[{"width":1024,"height":576,"url":"https:\/\/www.museumspass.ch\/wp-content\/uploads\/Design-ohne-Titel-55.png","type":"image\/png"}],"twitter_card":"summary_large_image","twitter_misc":{"Gesch\u00e4tzte Lesezeit":"1\u00a0Minute"},"schema":{"@context":"https:\/\/schema.org","@graph":[{"@type":"WebPage","@id":"https:\/\/www.museumspass.ch\/impressum\/","url":"https:\/\/www.museumspass.ch\/impressum\/","name":"Impressum - Schweizer Museumspass","isPartOf":{"@id":"https:\/\/www.museumspass.ch\/de\/#website"},"datePublished":"2025-11-03T09:46:57+00:00","dateModified":"2026-01-20T15:27:46+00:00","description":"Impressum - SCHWEIZER MUSEUMSPASS: Rechtliche Angaben zur Stiftung, Kontakt, Verantwortliche und Hinweise zu Haftung und Urheberrecht auf einen Blick.","breadcrumb":{"@id":"https:\/\/www.museumspass.ch\/impressum\/#breadcrumb"},"inLanguage":"de","potentialAction":[{"@type":"ReadAction","target":["https:\/\/www.museumspass.ch\/impressum\/"]}]},{"@type":"BreadcrumbList","@id":"https:\/\/www.museumspass.ch\/impressum\/#breadcrumb","itemListElement":[{"@type":"ListItem","position":1,"name":"Start","item":"https:\/\/www.museumspass.ch\/de\/"},{"@type":"ListItem","position":2,"name":"Impressum"}]},{"@type":"WebSite","@id":"https:\/\/www.museumspass.ch\/de\/#website","url":"https:\/\/www.museumspass.ch\/de\/","name":"Schweizer Museumspass","description":"1 Jahr lang kostenlosen Zugang zu \u00fcber 500 Schweizer Museen","publisher":{"@id":"https:\/\/www.museumspass.ch\/de\/#organization"},"potentialAction":[{"@type":"SearchAction","target":{"@type":"EntryPoint","urlTemplate":"https:\/\/www.museumspass.ch\/de\/?s={search_term_string}"},"query-input":{"@type":"PropertyValueSpecification","valueRequired":true,"valueName":"search_term_string"}}],"inLanguage":"de"},{"@type":"Organization","@id":"https:\/\/www.museumspass.ch\/de\/#organization","name":"Schweizer Museumspass","url":"https:\/\/www.museumspass.ch\/de\/","logo":{"@type":"ImageObject","inLanguage":"de","@id":"https:\/\/www.museumspass.ch\/de\/#\/schema\/logo\/image\/","url":"https:\/\/www.museumspass.ch\/wp-content\/uploads\/Design-ohne-Titel-55.png","contentUrl":"https:\/\/www.museumspass.ch\/wp-content\/uploads\/Design-ohne-Titel-55.png","width":1024,"height":576,"caption":"Schweizer Museumspass"},"image":{"@id":"https:\/\/www.museumspass.ch\/de\/#\/schema\/logo\/image\/"},"sameAs":["https:\/\/www.facebook.com\/SchweizerMuseumspass\/","https:\/\/www.instagram.com\/museumspass\/","https:\/\/www.linkedin.com\/company\/stiftung-schweizer-museumspass\/"]}]}},"publishpress_future_action":{"enabled":false,"date":"2026-04-30 22:40:33","action":"change-status","newStatus":"draft","terms":[],"taxonomy":"","extraData":[]},"publishpress_future_workflow_manual_trigger":{"enabledWorkflows":[]},"_links":{"self":[{"href":"https:\/\/www.museumspass.ch\/de\/wp-json\/wp\/v2\/pages\/1738","targetHints":{"allow":["GET"]}}],"collection":[{"href":"https:\/\/www.museumspass.ch\/de\/wp-json\/wp\/v2\/pages"}],"about":[{"href":"https:\/\/www.museumspass.ch\/de\/wp-json\/wp\/v2\/types\/page"}],"author":[{"embeddable":true,"href":"https:\/\/www.museumspass.ch\/de\/wp-json\/wp\/v2\/users\/1"}],"replies":[{"embeddable":true,"href":"https:\/\/www.museumspass.ch\/de\/wp-json\/wp\/v2\/comments?post=1738"}],"version-history":[{"count":13,"href":"https:\/\/www.museumspass.ch\/de\/wp-json\/wp\/v2\/pages\/1738\/revisions"}],"predecessor-version":[{"id":8494,"href":"https:\/\/www.museumspass.ch\/de\/wp-json\/wp\/v2\/pages\/1738\/revisions\/8494"}],"wp:attachment":[{"href":"https:\/\/www.museumspass.ch\/de\/wp-json\/wp\/v2\/media?parent=1738"}],"curies":[{"name":"wp","href":"https:\/\/api.w.org\/{rel}","templated":true}]}}