{"id":12196,"date":"2026-03-12T16:47:42","date_gmt":"2026-03-12T15:47:42","guid":{"rendered":"https:\/\/www.museumspass.ch\/?page_id=12196"},"modified":"2026-04-28T14:33:52","modified_gmt":"2026-04-28T13:33:52","slug":"museum-prize-2026-step-4-application-period-museums","status":"publish","type":"page","link":"https:\/\/www.museumspass.ch\/en\/museum-price\/museum-prize-2026-step-4-application-period-museums\/","title":{"rendered":"Museum Prize 2026 - Step 4 - Application period for museums"},"content":{"rendered":"<div data-elementor-type=\"wp-page\" data-elementor-id=\"12196\" class=\"elementor elementor-12196\" data-elementor-post-type=\"page\">\n\t\t\t\t<div class=\"elementor-element elementor-element-c2bf98a e-con-full e-flex e-con e-child\" data-id=\"c2bf98a\" data-element_type=\"container\">\n\t\t<div class=\"elementor-element elementor-element-8783190 e-con-full e-flex e-con e-child\" data-id=\"8783190\" data-element_type=\"container\">\n\t\t\t\t<div class=\"elementor-element elementor-element-6cffae8 animated-fast elementor-widget__width-auto elementor-invisible elementor-widget elementor-widget-heading\" data-id=\"6cffae8\" data-element_type=\"widget\" data-settings=\"{&quot;_animation&quot;:&quot;fadeInUp&quot;}\" data-widget_type=\"heading.default\">\n\t\t\t\t\t<p class=\"elementor-heading-title elementor-size-default\">Deadline: May 31, 2026<\/p>\t\t\t\t<\/div>\n\t\t<div class=\"elementor-element elementor-element-fc7e340 e-con-full e-flex e-con e-child\" data-id=\"fc7e340\" data-element_type=\"container\">\n\t\t\t\t<div class=\"elementor-element elementor-element-0d0fc0f animated-fast elementor-widget-tablet__width-inherit elementor-invisible elementor-widget elementor-widget-heading\" data-id=\"0d0fc0f\" data-element_type=\"widget\" data-settings=\"{&quot;_animation&quot;:&quot;fadeInUp&quot;}\" data-widget_type=\"heading.default\">\n\t\t\t\t\t<h1 class=\"elementor-heading-title elementor-size-default\">Apply for the Swiss Museum Award<\/h1>\t\t\t\t<\/div>\n\t\t\t\t<\/div>\n\t\t<div class=\"elementor-element elementor-element-16a04d7 e-con-full e-flex e-con e-child\" data-id=\"16a04d7\" data-element_type=\"container\" data-settings=\"{&quot;background_background&quot;:&quot;classic&quot;}\">\n\t\t\t\t<div class=\"elementor-element elementor-element-48e9cd9 elementor-widget__width-initial animated-fast elementor-widget-tablet__width-inherit elementor-invisible elementor-widget elementor-widget-text-editor\" data-id=\"48e9cd9\" data-element_type=\"widget\" data-settings=\"{&quot;_animation&quot;:&quot;fadeInUp&quot;,&quot;_animation_delay&quot;:50}\" data-widget_type=\"text-editor.default\">\n\t\t\t\t\t\t\t\t\t<p>Submit your video via the <a href=\"https:\/\/docs.google.com\/forms\/d\/e\/1FAIpQLSea8HWrgT4w1rzhKmodm3NkLAnLnLnUeyohZPdJygahsJrSIw\/viewform\" target=\"_blank\" rel=\"noopener\">Google form<\/a> in. The upload is made directly to the Google Drive folder of the project.<\/p><p>\u00a0<\/p><p><strong><span class=\"BZ_Pyq_fadeIn\">Please <\/span><span class=\"BZ_Pyq_fadeIn\">note <\/span><span class=\"BZ_Pyq_fadeIn\">You:<\/span><\/strong><\/p><ul data-start=\"991\" data-end=\"1121\"><li data-section-id=\"1nvcj9a\" data-start=\"991\" data-end=\"1020\"><p data-start=\"993\" data-end=\"1020\"><span class=\"BZ_Pyq_fadeIn\">Google<\/span><span class=\"BZ_Pyq_fadeIn\">Login <\/span><span class=\"BZ_Pyq_fadeIn\">required<\/span><\/p><\/li><li data-section-id=\"c5wt5j\" data-start=\"1021\" data-end=\"1051\"><p data-start=\"1023\" data-end=\"1051\"><span class=\"BZ_Pyq_fadeIn\">Video <\/span><span class=\"BZ_Pyq_fadeIn\">in the <\/span><span class=\"BZ_Pyq_fadeIn\">Portrait (<\/span><span class=\"BZ_Pyq_fadeIn\">9:<\/span><span class=\"BZ_Pyq_fadeIn\">16)<\/span><\/p><\/li><li data-section-id=\"ip3cup\" data-start=\"1052\" data-end=\"1083\"><p data-start=\"1054\" data-end=\"1083\"><span class=\"BZ_Pyq_fadeIn\">Maximum <\/span><span class=\"BZ_Pyq_fadeIn\">File size 1 GB<\/span><\/p><\/li><li data-section-id=\"rs6qg7\" data-start=\"1084\" data-end=\"1121\"><p data-start=\"1086\" data-end=\"1121\"><span class=\"BZ_Pyq_fadeIn\">In addition <\/span><span class=\"BZ_Pyq_fadeIn\">to <\/span><span class=\"BZ_Pyq_fadeIn\">to <\/span><span class=\"BZ_Pyq_fadeIn\">3 <\/span><span class=\"BZ_Pyq_fadeIn\">Photos <\/span><span class=\"BZ_Pyq_fadeIn\">possible<\/span><\/p><\/li><\/ul><p data-start=\"1123\" data-end=\"1222\">\u00a0<\/p><p data-start=\"1123\" data-end=\"1222\"><span class=\"BZ_Pyq_fadeIn\">None <\/span><span class=\"BZ_Pyq_fadeIn\">Google<\/span><span class=\"BZ_Pyq_fadeIn\">Account? <\/span><span class=\"BZ_Pyq_fadeIn\">Then <\/span><span class=\"BZ_Pyq_fadeIn\">Contact us <\/span><span class=\"BZ_Pyq_fadeIn\">You <\/span><span class=\"BZ_Pyq_fadeIn\">the <\/span><span class=\"BZ_Pyq_fadeIn\">Museum Pass<\/span><span class=\"BZ_Pyq_fadeIn\">Team, <\/span><span class=\"BZ_Pyq_fadeIn\">we <\/span><span class=\"BZ_Pyq_fadeIn\">Find <\/span><span class=\"BZ_Pyq_fadeIn\">one <\/span><span class=\"BZ_Pyq_fadeIn\">alternative <\/span><span class=\"BZ_Pyq_fadeIn\">Solution: <a href=\"mailto:info@museumspass.ch\">info@museumspass.ch<\/a><\/span><\/p>\t\t\t\t\t\t\t\t<\/div>\n\t\t\t\t<div class=\"elementor-element elementor-element-412ba12 elementor-widget elementor-widget-button\" data-id=\"412ba12\" data-element_type=\"widget\" data-widget_type=\"button.default\">\n\t\t\t\t\t\t\t\t\t\t<a class=\"elementor-button elementor-button-link elementor-size-sm\" href=\"https:\/\/docs.google.com\/forms\/d\/e\/1FAIpQLSea8HWrgT4w1rzhKmodm3NkLAnLnLnUeyohZPdJygahsJrSIw\/viewform\" target=\"_blank\">\n\t\t\t\t\t\t<span class=\"elementor-button-content-wrapper\">\n\t\t\t\t\t\t<span class=\"elementor-button-icon\">\n\t\t\t\t<svg xmlns=\"http:\/\/www.w3.org\/2000\/svg\" width=\"14\" height=\"14\" viewbox=\"0 0 14 14\" fill=\"none\"><path d=\"M9.22414 3.24167L1.18416 11.2816L2.44752 12.545L10.4875 4.50502L10.4875 11.2817H12.2742L12.2742 1.455L2.44749 1.455V3.24167L9.22414 3.24167Z\" fill=\"white\"><\/path><\/svg>\t\t\t<\/span>\n\t\t\t\t\t\t\t\t\t<span class=\"elementor-button-text\">Submit your application now<\/span>\n\t\t\t\t\t<\/span>\n\t\t\t\t\t<\/a>\n\t\t\t\t\t\t\t\t<\/div>\n\t\t\t\t<\/div>\n\t\t\t\t<\/div>\n\t\t\t\t<\/div>\n\t\t<div class=\"elementor-element elementor-element-5446fcf e-con-full e-flex e-con e-parent\" data-id=\"5446fcf\" data-element_type=\"container\" data-settings=\"{&quot;background_background&quot;:&quot;classic&quot;}\">\n\t\t<div class=\"elementor-element elementor-element-2173439 e-con-full e-flex e-con e-child\" data-id=\"2173439\" data-element_type=\"container\">\n\t\t<div class=\"elementor-element elementor-element-80179ed e-con-full animated-fast e-flex elementor-invisible e-con e-child\" data-id=\"80179ed\" data-element_type=\"container\" data-settings=\"{&quot;animation&quot;:&quot;fadeInUp&quot;}\">\n\t\t\t\t<div class=\"elementor-element elementor-element-afa3785 animated-fast elementor-widget__width-initial elementor-widget elementor-widget-heading\" data-id=\"afa3785\" data-element_type=\"widget\" data-settings=\"{&quot;_animation&quot;:&quot;none&quot;}\" data-widget_type=\"heading.default\">\n\t\t\t\t\t<h2 class=\"elementor-heading-title elementor-size-default\">Anniversary discount for the 30th birthday of the Swiss Museum Pass<\/h2>\t\t\t\t<\/div>\n\t\t\t\t<div class=\"elementor-element elementor-element-19a3186 elementor-widget__width-initial elementor-widget-widescreen__width-initial elementor-widget elementor-widget-text-editor\" data-id=\"19a3186\" data-element_type=\"widget\" data-widget_type=\"text-editor.default\">\n\t\t\t\t\t\t\t\t\t<p>We have been opening doors for 30 years. Celebrate with us and receive a CHF 30 discount on every new museum pass.<\/p>\t\t\t\t\t\t\t\t<\/div>\n\t\t\t\t<div class=\"elementor-element elementor-element-24ed212 elementor-widget elementor-widget-button\" data-id=\"24ed212\" data-element_type=\"widget\" data-widget_type=\"button.default\">\n\t\t\t\t\t\t\t\t\t\t<a class=\"elementor-button elementor-button-link elementor-size-sm\" href=\"https:\/\/login.museumspass.ch\/\" target=\"_blank\">\n\t\t\t\t\t\t<span class=\"elementor-button-content-wrapper\">\n\t\t\t\t\t\t<span class=\"elementor-button-icon\">\n\t\t\t\t<svg xmlns=\"http:\/\/www.w3.org\/2000\/svg\" width=\"14\" height=\"14\" viewbox=\"0 0 14 14\" fill=\"none\"><path d=\"M9.22414 3.24167L1.18416 11.2816L2.44752 12.545L10.4875 4.50502L10.4875 11.2817H12.2742L12.2742 1.455L2.44749 1.455V3.24167L9.22414 3.24167Z\" fill=\"white\"><\/path><\/svg>\t\t\t<\/span>\n\t\t\t\t\t\t\t\t\t<span class=\"elementor-button-text\">Buy a museum pass or voucher<\/span>\n\t\t\t\t\t<\/span>\n\t\t\t\t\t<\/a>\n\t\t\t\t\t\t\t\t<\/div>\n\t\t\t\t<\/div>\n\t\t\t\t<\/div>\n\t\t\t\t<\/div>\n\t\t\t\t<\/div>","protected":false},"excerpt":{"rendered":"<p>Deadline: 31. Mai 2026 Bewerben Sie sich f\u00fcr den Schweizer Museumspreis Reichen Sie Ihr Video \u00fcber das Google-Formular ein. Der Upload erfolgt direkt in den Google-Drive-Ordner des Projekts. \u00a0 Bitte beachten Sie: Google-Login erforderlich Video im Hochformat (9:16) Maximale Dateigr\u00f6sse 1 GB Zus\u00e4tzlich bis zu 3 Fotos m\u00f6glich \u00a0 Kein Google-Konto? Dann kontaktieren Sie das [&hellip;]<\/p>","protected":false},"author":1,"featured_media":0,"parent":7461,"menu_order":2,"comment_status":"closed","ping_status":"closed","template":"","meta":{"footnotes":""},"class_list":["post-12196","page","type-page","status-publish","hentry"],"yoast_head":"<!-- This site is optimized with the Yoast SEO plugin v26.8 - https:\/\/yoast.com\/product\/yoast-seo-wordpress\/ -->\n<title>Der Schweizer Museumspreis - Schweizer Museumspass<\/title>\n<meta name=\"description\" content=\"Wir lancieren den allerersten Schweizer Museumspreis als Highlight des Jahres 2026! Ihre Stimme z\u00e4hlt von Anfang an.\" \/>\n<meta name=\"robots\" content=\"index, follow, max-snippet:-1, max-image-preview:large, max-video-preview:-1\" \/>\n<link rel=\"canonical\" href=\"https:\/\/www.museumspass.ch\/en\/museum-price\/museum-prize-2026-step-4-application-period-museums\/\" \/>\n<meta property=\"og:locale\" content=\"en_US\" \/>\n<meta property=\"og:type\" content=\"article\" \/>\n<meta property=\"og:title\" content=\"Der Schweizer Museumspreis - Schweizer Museumspass\" \/>\n<meta property=\"og:description\" content=\"Wir lancieren den allerersten Schweizer Museumspreis als Highlight des Jahres 2026! Ihre Stimme z\u00e4hlt von Anfang an.\" \/>\n<meta property=\"og:url\" content=\"https:\/\/www.museumspass.ch\/en\/museum-price\/museum-prize-2026-step-4-application-period-museums\/\" \/>\n<meta property=\"og:site_name\" content=\"Schweizer Museumspass\" \/>\n<meta property=\"article:publisher\" content=\"https:\/\/www.facebook.com\/SchweizerMuseumspass\/\" \/>\n<meta property=\"article:modified_time\" content=\"2026-04-28T13:33:52+00:00\" \/>\n<meta property=\"og:image\" content=\"https:\/\/www.museumspass.ch\/wp-content\/uploads\/Design-ohne-Titel-55.png\" \/>\n\t<meta property=\"og:image:width\" content=\"1024\" \/>\n\t<meta property=\"og:image:height\" content=\"576\" \/>\n\t<meta property=\"og:image:type\" content=\"image\/png\" \/>\n<meta name=\"twitter:card\" content=\"summary_large_image\" \/>\n<meta name=\"twitter:label1\" content=\"Est. reading time\" \/>\n\t<meta name=\"twitter:data1\" content=\"1 minute\" \/>\n<script type=\"application\/ld+json\" class=\"yoast-schema-graph\">{\"@context\":\"https:\/\/schema.org\",\"@graph\":[{\"@type\":\"WebPage\",\"@id\":\"https:\/\/www.museumspass.ch\/museumspreis\/museumspreis-2026-schritt-4-bewerbungszeitraum-museen\/\",\"url\":\"https:\/\/www.museumspass.ch\/museumspreis\/museumspreis-2026-schritt-4-bewerbungszeitraum-museen\/\",\"name\":\"Der Schweizer Museumspreis - Schweizer Museumspass\",\"isPartOf\":{\"@id\":\"https:\/\/www.museumspass.ch\/de\/#website\"},\"datePublished\":\"2026-03-12T15:47:42+00:00\",\"dateModified\":\"2026-04-28T13:33:52+00:00\",\"description\":\"Wir lancieren den allerersten Schweizer Museumspreis als Highlight des Jahres 2026! Ihre Stimme z\u00e4hlt von Anfang an.\",\"breadcrumb\":{\"@id\":\"https:\/\/www.museumspass.ch\/museumspreis\/museumspreis-2026-schritt-4-bewerbungszeitraum-museen\/#breadcrumb\"},\"inLanguage\":\"en-US\",\"potentialAction\":[{\"@type\":\"ReadAction\",\"target\":[\"https:\/\/www.museumspass.ch\/museumspreis\/museumspreis-2026-schritt-4-bewerbungszeitraum-museen\/\"]}]},{\"@type\":\"BreadcrumbList\",\"@id\":\"https:\/\/www.museumspass.ch\/museumspreis\/museumspreis-2026-schritt-4-bewerbungszeitraum-museen\/#breadcrumb\",\"itemListElement\":[{\"@type\":\"ListItem\",\"position\":1,\"name\":\"Start\",\"item\":\"https:\/\/www.museumspass.ch\/de\/\"},{\"@type\":\"ListItem\",\"position\":2,\"name\":\"Museumspreis\",\"item\":\"https:\/\/www.museumspass.ch\/museumspreis\/\"},{\"@type\":\"ListItem\",\"position\":3,\"name\":\"Museumspreis 2026 &#8211; Schritt 4 &#8211; Bewerbungszeitraum Museen\"}]},{\"@type\":\"WebSite\",\"@id\":\"https:\/\/www.museumspass.ch\/de\/#website\",\"url\":\"https:\/\/www.museumspass.ch\/de\/\",\"name\":\"Schweizer Museumspass\",\"description\":\"1 Jahr lang kostenlosen Zugang zu \u00fcber 500 Schweizer Museen\",\"publisher\":{\"@id\":\"https:\/\/www.museumspass.ch\/de\/#organization\"},\"potentialAction\":[{\"@type\":\"SearchAction\",\"target\":{\"@type\":\"EntryPoint\",\"urlTemplate\":\"https:\/\/www.museumspass.ch\/de\/?s={search_term_string}\"},\"query-input\":{\"@type\":\"PropertyValueSpecification\",\"valueRequired\":true,\"valueName\":\"search_term_string\"}}],\"inLanguage\":\"en-US\"},{\"@type\":\"Organization\",\"@id\":\"https:\/\/www.museumspass.ch\/de\/#organization\",\"name\":\"Schweizer Museumspass\",\"url\":\"https:\/\/www.museumspass.ch\/de\/\",\"logo\":{\"@type\":\"ImageObject\",\"inLanguage\":\"en-US\",\"@id\":\"https:\/\/www.museumspass.ch\/de\/#\/schema\/logo\/image\/\",\"url\":\"https:\/\/www.museumspass.ch\/wp-content\/uploads\/Design-ohne-Titel-55.png\",\"contentUrl\":\"https:\/\/www.museumspass.ch\/wp-content\/uploads\/Design-ohne-Titel-55.png\",\"width\":1024,\"height\":576,\"caption\":\"Schweizer Museumspass\"},\"image\":{\"@id\":\"https:\/\/www.museumspass.ch\/de\/#\/schema\/logo\/image\/\"},\"sameAs\":[\"https:\/\/www.facebook.com\/SchweizerMuseumspass\/\",\"https:\/\/www.instagram.com\/museumspass\/\",\"https:\/\/www.linkedin.com\/company\/stiftung-schweizer-museumspass\/\"]}]}<\/script>\n<!-- \/ Yoast SEO plugin. -->","yoast_head_json":{"title":"The Swiss Museum Prize - Swiss Museum Pass","description":"We are launching the very first Swiss Museum Award as the highlight of 2026! Your vote counts right from the start.","robots":{"index":"index","follow":"follow","max-snippet":"max-snippet:-1","max-image-preview":"max-image-preview:large","max-video-preview":"max-video-preview:-1"},"canonical":"https:\/\/www.museumspass.ch\/en\/museum-price\/museum-prize-2026-step-4-application-period-museums\/","og_locale":"en_US","og_type":"article","og_title":"Der Schweizer Museumspreis - Schweizer Museumspass","og_description":"Wir lancieren den allerersten Schweizer Museumspreis als Highlight des Jahres 2026! Ihre Stimme z\u00e4hlt von Anfang an.","og_url":"https:\/\/www.museumspass.ch\/en\/museum-price\/museum-prize-2026-step-4-application-period-museums\/","og_site_name":"Schweizer Museumspass","article_publisher":"https:\/\/www.facebook.com\/SchweizerMuseumspass\/","article_modified_time":"2026-04-28T13:33:52+00:00","og_image":[{"width":1024,"height":576,"url":"https:\/\/www.museumspass.ch\/wp-content\/uploads\/Design-ohne-Titel-55.png","type":"image\/png"}],"twitter_card":"summary_large_image","twitter_misc":{"Est. reading time":"1 minute"},"schema":{"@context":"https:\/\/schema.org","@graph":[{"@type":"WebPage","@id":"https:\/\/www.museumspass.ch\/museumspreis\/museumspreis-2026-schritt-4-bewerbungszeitraum-museen\/","url":"https:\/\/www.museumspass.ch\/museumspreis\/museumspreis-2026-schritt-4-bewerbungszeitraum-museen\/","name":"The Swiss Museum Prize - Swiss Museum Pass","isPartOf":{"@id":"https:\/\/www.museumspass.ch\/de\/#website"},"datePublished":"2026-03-12T15:47:42+00:00","dateModified":"2026-04-28T13:33:52+00:00","description":"We are launching the very first Swiss Museum Award as the highlight of 2026! Your vote counts right from the start.","breadcrumb":{"@id":"https:\/\/www.museumspass.ch\/museumspreis\/museumspreis-2026-schritt-4-bewerbungszeitraum-museen\/#breadcrumb"},"inLanguage":"en-US","potentialAction":[{"@type":"ReadAction","target":["https:\/\/www.museumspass.ch\/museumspreis\/museumspreis-2026-schritt-4-bewerbungszeitraum-museen\/"]}]},{"@type":"BreadcrumbList","@id":"https:\/\/www.museumspass.ch\/museumspreis\/museumspreis-2026-schritt-4-bewerbungszeitraum-museen\/#breadcrumb","itemListElement":[{"@type":"ListItem","position":1,"name":"Start","item":"https:\/\/www.museumspass.ch\/de\/"},{"@type":"ListItem","position":2,"name":"Museumspreis","item":"https:\/\/www.museumspass.ch\/museumspreis\/"},{"@type":"ListItem","position":3,"name":"Museumspreis 2026 &#8211; Schritt 4 &#8211; Bewerbungszeitraum Museen"}]},{"@type":"WebSite","@id":"https:\/\/www.museumspass.ch\/de\/#website","url":"https:\/\/www.museumspass.ch\/de\/","name":"Swiss Museum Pass","description":"1 year free access to over 500 Swiss museums","publisher":{"@id":"https:\/\/www.museumspass.ch\/de\/#organization"},"potentialAction":[{"@type":"SearchAction","target":{"@type":"EntryPoint","urlTemplate":"https:\/\/www.museumspass.ch\/de\/?s={search_term_string}"},"query-input":{"@type":"PropertyValueSpecification","valueRequired":true,"valueName":"search_term_string"}}],"inLanguage":"en-US"},{"@type":"Organization","@id":"https:\/\/www.museumspass.ch\/de\/#organization","name":"Swiss Museum Pass","url":"https:\/\/www.museumspass.ch\/de\/","logo":{"@type":"ImageObject","inLanguage":"en-US","@id":"https:\/\/www.museumspass.ch\/de\/#\/schema\/logo\/image\/","url":"https:\/\/www.museumspass.ch\/wp-content\/uploads\/Design-ohne-Titel-55.png","contentUrl":"https:\/\/www.museumspass.ch\/wp-content\/uploads\/Design-ohne-Titel-55.png","width":1024,"height":576,"caption":"Schweizer Museumspass"},"image":{"@id":"https:\/\/www.museumspass.ch\/de\/#\/schema\/logo\/image\/"},"sameAs":["https:\/\/www.facebook.com\/SchweizerMuseumspass\/","https:\/\/www.instagram.com\/museumspass\/","https:\/\/www.linkedin.com\/company\/stiftung-schweizer-museumspass\/"]}]}},"publishpress_future_action":{"enabled":false,"date":"2026-05-14 22:41:40","action":"change-status","newStatus":"draft","terms":[],"taxonomy":"","extraData":[]},"publishpress_future_workflow_manual_trigger":{"enabledWorkflows":[]},"_links":{"self":[{"href":"https:\/\/www.museumspass.ch\/en\/wp-json\/wp\/v2\/pages\/12196","targetHints":{"allow":["GET"]}}],"collection":[{"href":"https:\/\/www.museumspass.ch\/en\/wp-json\/wp\/v2\/pages"}],"about":[{"href":"https:\/\/www.museumspass.ch\/en\/wp-json\/wp\/v2\/types\/page"}],"author":[{"embeddable":true,"href":"https:\/\/www.museumspass.ch\/en\/wp-json\/wp\/v2\/users\/1"}],"replies":[{"embeddable":true,"href":"https:\/\/www.museumspass.ch\/en\/wp-json\/wp\/v2\/comments?post=12196"}],"version-history":[{"count":61,"href":"https:\/\/www.museumspass.ch\/en\/wp-json\/wp\/v2\/pages\/12196\/revisions"}],"predecessor-version":[{"id":12447,"href":"https:\/\/www.museumspass.ch\/en\/wp-json\/wp\/v2\/pages\/12196\/revisions\/12447"}],"up":[{"embeddable":true,"href":"https:\/\/www.museumspass.ch\/en\/wp-json\/wp\/v2\/pages\/7461"}],"wp:attachment":[{"href":"https:\/\/www.museumspass.ch\/en\/wp-json\/wp\/v2\/media?parent=12196"}],"curies":[{"name":"wp","href":"https:\/\/api.w.org\/{rel}","templated":true}]}}