{"id":10833,"date":"2026-01-21T09:55:22","date_gmt":"2026-01-21T09:55:22","guid":{"rendered":"https:\/\/fervent-napier.92-205-128-248.plesk.page\/?page_id=10833"},"modified":"2026-04-07T14:55:25","modified_gmt":"2026-04-07T13:55:25","slug":"informations-pour-les-musees-2","status":"publish","type":"page","link":"https:\/\/www.museumspass.ch\/fr\/trente-ans-du-passeport-musees-suisses\/informations-pour-les-musees-2\/","title":{"rendered":"Informations pour les mus\u00e9es"},"content":{"rendered":"<div data-elementor-type=\"wp-page\" data-elementor-id=\"10833\" class=\"elementor elementor-10833\" data-elementor-post-type=\"page\">\n\t\t\t\t<div class=\"elementor-element elementor-element-bb3063c e-con-full e-flex e-con e-child\" data-id=\"bb3063c\" data-element_type=\"container\">\n\t\t<div class=\"elementor-element elementor-element-3465f5f e-con-full e-flex e-con e-child\" data-id=\"3465f5f\" data-element_type=\"container\">\n\t\t\t\t<div class=\"elementor-element elementor-element-368b377 animated-fast elementor-invisible elementor-widget elementor-widget-heading\" data-id=\"368b377\" data-element_type=\"widget\" data-settings=\"{&quot;_animation&quot;:&quot;fadeInUp&quot;}\" data-widget_type=\"heading.default\">\n\t\t\t\t\t<p class=\"elementor-heading-title elementor-size-default\">Informations pour les mus\u00e9es<\/p>\t\t\t\t<\/div>\n\t\t\t\t<div class=\"elementor-element elementor-element-8395d90 animated-fast elementor-widget-tablet__width-initial elementor-invisible elementor-widget elementor-widget-heading\" data-id=\"8395d90\" data-element_type=\"widget\" data-settings=\"{&quot;_animation&quot;:&quot;fadeInUp&quot;}\" data-widget_type=\"heading.default\">\n\t\t\t\t\t<h1 class=\"elementor-heading-title elementor-size-default\">Informations pour les mus\u00e9es : votre participation au Prix des mus\u00e9es suisses<\/h1>\t\t\t\t<\/div>\n\t\t<div class=\"elementor-element elementor-element-9d37c45 e-con-full e-flex e-con e-child\" data-id=\"9d37c45\" data-element_type=\"container\" data-settings=\"{&quot;background_background&quot;:&quot;classic&quot;}\">\n\t\t\t\t<div class=\"elementor-element elementor-element-e87b49e elementor-widget__width-initial animated-fast elementor-widget-tablet__width-inherit elementor-invisible elementor-widget elementor-widget-text-editor\" data-id=\"e87b49e\" data-element_type=\"widget\" data-settings=\"{&quot;_animation&quot;:&quot;fadeInUp&quot;,&quot;_animation_delay&quot;:50}\" data-widget_type=\"text-editor.default\">\n\t\t\t\t\t\t\t\t\t<p>Bienvenue dans la phase 4 ! Apr\u00e8s que notre public et un jury de non-professionnels aient pos\u00e9 les bases, c'est \u00e0 vous de jouer. Saisissez la chance de pr\u00e9senter votre travail de m\u00e9diation \u00e0 un public suisse.<\/p><p>\u00a0<\/p><p>Tous les mus\u00e9es participant au Passeport Mus\u00e9es Suisses sont cordialement invit\u00e9s \u00e0 d\u00e9poser leur candidature pour le prix jusqu'au 3 mai 2026.<\/p>\t\t\t\t\t\t\t\t<\/div>\n\t\t\t\t<\/div>\n\t\t\t\t<\/div>\n\t\t\t\t<\/div>\n\t\t<div class=\"elementor-element elementor-element-910b36e e-con-full e-flex e-con e-child\" data-id=\"910b36e\" data-element_type=\"container\">\n\t\t<div class=\"elementor-element elementor-element-f24e6bb e-con-full animated-fast e-flex e-con e-child\" data-id=\"f24e6bb\" data-element_type=\"container\" data-settings=\"{&quot;background_background&quot;:&quot;classic&quot;,&quot;animation&quot;:&quot;none&quot;,&quot;animation_delay&quot;:150}\">\n\t\t\t\t<div class=\"elementor-element elementor-element-e195180 elementor-widget elementor-widget-heading\" data-id=\"e195180\" data-element_type=\"widget\" data-widget_type=\"heading.default\">\n\t\t\t\t\t<h2 class=\"elementor-heading-title elementor-size-default\">Le th\u00e8me de l'ann\u00e9e 2026 : \u00abLa meilleure m\u00e9diation pour toutes les g\u00e9n\u00e9rations\u00bb.\u00bb<\/h2>\t\t\t\t<\/div>\n\t\t\t\t<div class=\"elementor-element elementor-element-f2151fd elementor-widget elementor-widget-text-editor\" data-id=\"f2151fd\" data-element_type=\"widget\" data-widget_type=\"text-editor.default\">\n\t\t\t\t\t\t\t\t\t<p data-path-to-node=\"6\">Nous recherchons des projets qui rassemblent les gens. Il ne s'agit pas d'avoir le plus gros budget, mais le meilleur impact :<\/p><p data-path-to-node=\"6\">\u00a0<\/p><ul data-path-to-node=\"7\"><li><p data-path-to-node=\"7,0,0\"><b data-path-to-node=\"7,0,0\" data-index-in-node=\"0\">Dialogue entre g\u00e9n\u00e9rations :<\/b> Comment encouragez-vous l'\u00e9change entre jeunes et vieux ?<\/p><\/li><li><p data-path-to-node=\"7,1,0\"><b data-path-to-node=\"7,1,0\" data-index-in-node=\"0\">Participation :<\/b> Comment rendre le contenu accessible \u00e0 tous ?<\/p><\/li><li><p data-path-to-node=\"7,2,0\"><b data-path-to-node=\"7,2,0\" data-index-in-node=\"0\">Exp\u00e9rience de visite :<\/b> Comment cr\u00e9ez-vous une atmosph\u00e8re dans laquelle chacun se sent le bienvenu ?<\/p><\/li><\/ul>\t\t\t\t\t\t\t\t<\/div>\n\t\t\t\t<\/div>\n\t\t<div class=\"elementor-element elementor-element-09a36a0 e-con-full animated-fast e-flex e-con e-child\" data-id=\"09a36a0\" data-element_type=\"container\" data-settings=\"{&quot;background_background&quot;:&quot;classic&quot;,&quot;animation&quot;:&quot;none&quot;,&quot;animation_delay&quot;:150}\">\n\t\t\t\t<div class=\"elementor-element elementor-element-fe16f94 elementor-widget elementor-widget-heading\" data-id=\"fe16f94\" data-element_type=\"widget\" data-widget_type=\"heading.default\">\n\t\t\t\t\t<h2 class=\"elementor-heading-title elementor-size-default\">Les 3 piliers de l'\u00e9valuation<\/h2>\t\t\t\t<\/div>\n\t\t\t\t<div class=\"elementor-element elementor-element-4ab9994 elementor-widget elementor-widget-text-editor\" data-id=\"4ab9994\" data-element_type=\"widget\" data-widget_type=\"text-editor.default\">\n\t\t\t\t\t\t\t\t\t<p data-path-to-node=\"9\">Le jury et le public \u00e9valueront votre soumission en fonction de ces crit\u00e8res :<\/p><p data-path-to-node=\"9\">\u00a0<\/p><ol start=\"1\" data-path-to-node=\"10\"><li><p data-path-to-node=\"10,0,0\"><b data-path-to-node=\"10,0,0\" data-index-in-node=\"0\">L'\u00e9tincelle pour tous :<\/b> Un enthousiasme qui d\u00e9passe les fronti\u00e8res de l'\u00e2ge.<\/p><\/li><li><p data-path-to-node=\"10,1,0\"><b data-path-to-node=\"10,1,0\" data-index-in-node=\"0\">Le sentiment d'appartenance :<\/b> Promouvoir les interactions sociales.<\/p><\/li><li><p data-path-to-node=\"10,2,0\"><b data-path-to-node=\"10,2,0\" data-index-in-node=\"0\">Le facteur de bien-\u00eatre :<\/b> Accessibilit\u00e9 et hospitalit\u00e9 au quotidien dans les mus\u00e9es.<\/p><\/li><\/ol>\t\t\t\t\t\t\t\t<\/div>\n\t\t\t\t<\/div>\n\t\t<div class=\"elementor-element elementor-element-c442a3e e-con-full animated-fast e-flex e-con e-child\" data-id=\"c442a3e\" data-element_type=\"container\" data-settings=\"{&quot;background_background&quot;:&quot;classic&quot;,&quot;animation&quot;:&quot;none&quot;,&quot;animation_delay&quot;:150}\">\n\t\t\t\t<div class=\"elementor-element elementor-element-ad011b7 elementor-widget elementor-widget-heading\" data-id=\"ad011b7\" data-element_type=\"widget\" data-widget_type=\"heading.default\">\n\t\t\t\t\t<h2 class=\"elementor-heading-title elementor-size-default\">Votre candidature : c'est aussi simple que \u00e7a<\/h2>\t\t\t\t<\/div>\n\t\t\t\t<div class=\"elementor-element elementor-element-474204b elementor-widget elementor-widget-text-editor\" data-id=\"474204b\" data-element_type=\"widget\" data-widget_type=\"text-editor.default\">\n\t\t\t\t\t\t\t\t\t<p>La p\u00e9riode de candidature est ouverte du <b data-path-to-node=\"12\" data-index-in-node=\"33\">17 mars au 3 mai 2026<\/b>. La candidature se compose de deux parties :<\/p><p>\u00a0<\/p><p><b data-path-to-node=\"13\" data-index-in-node=\"0\">1. la br\u00e8ve description \u00e9crite<\/b> Racontez-nous en deux pages A4 maximum (PDF) ce qui rend votre travail de m\u00e9diation si particulier et comment vous faites vivre le th\u00e8me annuel dans votre \u00e9tablissement.<\/p><p>\u00a0<\/p><p data-path-to-node=\"14\"><b data-path-to-node=\"14\" data-index-in-node=\"0\">2. le pitch vid\u00e9o (60-90 secondes)<\/b> La pi\u00e8ce ma\u00eetresse pour le vote ult\u00e9rieur du public. Montrez-nous votre mus\u00e9e en action !<\/p><ul data-path-to-node=\"15\"><li><p data-path-to-node=\"15,0,0\"><b data-path-to-node=\"15,0,0\" data-index-in-node=\"0\">Format :<\/b> Format vertical (9:16) - parfait pour le smartphone.<\/p><\/li><li><p data-path-to-node=\"15,1,0\"><b data-path-to-node=\"15,1,0\" data-index-in-node=\"0\">L'authenticit\u00e9 avant la perfection :<\/b> Nous voulons express\u00e9ment <b data-path-to-node=\"15,1,0\" data-index-in-node=\"49\">Vid\u00e9os de t\u00e9l\u00e9phones portables<\/b>. Un aper\u00e7u authentique de vos locaux et de l'interaction avec les gens est plus efficace qu'un film publicitaire sur papier glac\u00e9.<\/p><\/li><li><p data-path-to-node=\"15,2,0\"><b data-path-to-node=\"15,2,0\" data-index-in-node=\"0\">technique :<\/b> Veillez \u00e0 avoir un bon \u00e9clairage et un son clair (pour la parole, rapprochez-vous du micro).<\/p><\/li><li><p data-path-to-node=\"15,3,0\"><b data-path-to-node=\"15,3,0\" data-index-in-node=\"0\">Appel \u00e0 l'action :<\/b> Invitez les gens \u00e0 voter pour vous !<\/p><\/li><\/ul>\t\t\t\t\t\t\t\t<\/div>\n\t\t\t\t<\/div>\n\t\t<div class=\"elementor-element elementor-element-6400161 e-con-full animated-fast e-flex e-con e-child\" data-id=\"6400161\" data-element_type=\"container\" data-settings=\"{&quot;background_background&quot;:&quot;classic&quot;,&quot;animation&quot;:&quot;none&quot;,&quot;animation_delay&quot;:150}\">\n\t\t\t\t<div class=\"elementor-element elementor-element-44d9b79 elementor-widget elementor-widget-heading\" data-id=\"44d9b79\" data-element_type=\"widget\" data-widget_type=\"heading.default\">\n\t\t\t\t\t<h2 class=\"elementor-heading-title elementor-size-default\">Soumission &amp; processus<\/h2>\t\t\t\t<\/div>\n\t\t\t\t<div class=\"elementor-element elementor-element-d26a382 elementor-widget elementor-widget-text-editor\" data-id=\"d26a382\" data-element_type=\"widget\" data-widget_type=\"text-editor.default\">\n\t\t\t\t\t\t\t\t\t<ul><li><p data-path-to-node=\"17,0,0\"><b data-path-to-node=\"17,0,0\" data-index-in-node=\"0\">O\u00f9<\/b> La soumission se fait via un formulaire en ligne (<a href=\"https:\/\/www.museumspass.ch\/de\/museumspreis\/museumspreis-2026-schritt-4-bewerbungszeitraum-museen\/\">Le Prix du mus\u00e9e suisse \u2013 Swiss Museum Pass<\/a>).<\/p><\/li><li><p data-path-to-node=\"17,1,0\"><b data-path-to-node=\"17,1,0\" data-index-in-node=\"0\">Liste restreinte :<\/b> Un jury non professionnel compos\u00e9 de 9 personnes (d\u00e9tenteurs du Passeport Mus\u00e9es) s\u00e9lectionne les nomin\u00e9s (shortlist) parmi toutes les candidatures.<\/p><\/li><li><p data-path-to-node=\"17,2,0\"><b data-path-to-node=\"17,2,0\" data-index-in-node=\"0\">Vote :<\/b> \u00c0 partir du 18 mai, toute la Suisse votera en ligne pour d\u00e9signer le vainqueur.<\/p><\/li><\/ul>\t\t\t\t\t\t\t\t<\/div>\n\t\t\t\t<\/div>\n\t\t\t\t<\/div>\n\t\t\t\t<\/div>","protected":false},"excerpt":{"rendered":"<p>Informationen f\u00fcr Museen: Ihre Teilnahme am Schweizer Museumspreis Herzlich willkommen in Phase 4! Nachdem unser Publikum und eine Laien-Jury das Fundament gelegt haben, sind nun Sie an der Reihe. Nutzen Sie die Chance, Ihre Vermittlungsarbeit einem schweizweiten Publikum zu pr\u00e4sentieren. \u00a0 Alle am Schweizer Museumspass beteiligten Museen sind herzlich eingeladen, sich bis zum 3. Mai [&hellip;]<\/p>","protected":false},"author":1,"featured_media":0,"parent":5219,"menu_order":1,"comment_status":"closed","ping_status":"closed","template":"","meta":{"footnotes":""},"class_list":["post-10833","page","type-page","status-publish","hentry"],"yoast_head":"<!-- This site is optimized with the Yoast SEO plugin v26.8 - https:\/\/yoast.com\/product\/yoast-seo-wordpress\/ -->\n<title>Informationen f\u00fcr Museen\u200b - Schweizer Museumspass<\/title>\n<meta name=\"description\" content=\"Zeigen Sie uns Ihr pers\u00f6nliches Highlight und sichern Sie sich die Chance auf Preise im Gesamtwert von CHF 20\u2019000.\" \/>\n<meta name=\"robots\" content=\"index, follow, max-snippet:-1, max-image-preview:large, max-video-preview:-1\" \/>\n<link rel=\"canonical\" href=\"https:\/\/www.museumspass.ch\/fr\/trente-ans-du-passeport-musees-suisses\/informations-pour-les-musees-2\/\" \/>\n<meta property=\"og:locale\" content=\"fr_FR\" \/>\n<meta property=\"og:type\" content=\"article\" \/>\n<meta property=\"og:title\" content=\"Informationen f\u00fcr Museen\u200b - Schweizer Museumspass\" \/>\n<meta property=\"og:description\" content=\"Zeigen Sie uns Ihr pers\u00f6nliches Highlight und sichern Sie sich die Chance auf Preise im Gesamtwert von CHF 20\u2019000.\" \/>\n<meta property=\"og:url\" content=\"https:\/\/www.museumspass.ch\/fr\/trente-ans-du-passeport-musees-suisses\/informations-pour-les-musees-2\/\" \/>\n<meta property=\"og:site_name\" content=\"Schweizer Museumspass\" \/>\n<meta property=\"article:publisher\" content=\"https:\/\/www.facebook.com\/SchweizerMuseumspass\/\" \/>\n<meta property=\"article:modified_time\" content=\"2026-04-07T13:55:25+00:00\" \/>\n<meta property=\"og:image\" content=\"https:\/\/www.museumspass.ch\/wp-content\/uploads\/Design-ohne-Titel-55.png\" \/>\n\t<meta property=\"og:image:width\" content=\"1024\" \/>\n\t<meta property=\"og:image:height\" content=\"576\" \/>\n\t<meta property=\"og:image:type\" content=\"image\/png\" \/>\n<meta name=\"twitter:card\" content=\"summary_large_image\" \/>\n<meta name=\"twitter:label1\" content=\"Dur\u00e9e de lecture estim\u00e9e\" \/>\n\t<meta name=\"twitter:data1\" content=\"2 minutes\" \/>\n<script type=\"application\/ld+json\" class=\"yoast-schema-graph\">{\"@context\":\"https:\/\/schema.org\",\"@graph\":[{\"@type\":\"WebPage\",\"@id\":\"https:\/\/www.museumspass.ch\/dreissig-jahre-schweizer-museumspass\/informationen-fuer-museen\/\",\"url\":\"https:\/\/www.museumspass.ch\/dreissig-jahre-schweizer-museumspass\/informationen-fuer-museen\/\",\"name\":\"Informationen f\u00fcr Museen\u200b - Schweizer Museumspass\",\"isPartOf\":{\"@id\":\"https:\/\/www.museumspass.ch\/de\/#website\"},\"datePublished\":\"2026-01-21T09:55:22+00:00\",\"dateModified\":\"2026-04-07T13:55:25+00:00\",\"description\":\"Zeigen Sie uns Ihr pers\u00f6nliches Highlight und sichern Sie sich die Chance auf Preise im Gesamtwert von CHF 20\u2019000.\",\"breadcrumb\":{\"@id\":\"https:\/\/www.museumspass.ch\/dreissig-jahre-schweizer-museumspass\/informationen-fuer-museen\/#breadcrumb\"},\"inLanguage\":\"fr-FR\",\"potentialAction\":[{\"@type\":\"ReadAction\",\"target\":[\"https:\/\/www.museumspass.ch\/dreissig-jahre-schweizer-museumspass\/informationen-fuer-museen\/\"]}]},{\"@type\":\"BreadcrumbList\",\"@id\":\"https:\/\/www.museumspass.ch\/dreissig-jahre-schweizer-museumspass\/informationen-fuer-museen\/#breadcrumb\",\"itemListElement\":[{\"@type\":\"ListItem\",\"position\":1,\"name\":\"Start\",\"item\":\"https:\/\/www.museumspass.ch\/de\/\"},{\"@type\":\"ListItem\",\"position\":2,\"name\":\"30 Jahre Schweizer Museumspass\",\"item\":\"https:\/\/www.museumspass.ch\/dreissig-jahre-schweizer-museumspass\/\"},{\"@type\":\"ListItem\",\"position\":3,\"name\":\"Informationen f\u00fcr Museen\u200b\"}]},{\"@type\":\"WebSite\",\"@id\":\"https:\/\/www.museumspass.ch\/de\/#website\",\"url\":\"https:\/\/www.museumspass.ch\/de\/\",\"name\":\"Schweizer Museumspass\",\"description\":\"1 Jahr lang kostenlosen Zugang zu \u00fcber 500 Schweizer Museen\",\"publisher\":{\"@id\":\"https:\/\/www.museumspass.ch\/de\/#organization\"},\"potentialAction\":[{\"@type\":\"SearchAction\",\"target\":{\"@type\":\"EntryPoint\",\"urlTemplate\":\"https:\/\/www.museumspass.ch\/de\/?s={search_term_string}\"},\"query-input\":{\"@type\":\"PropertyValueSpecification\",\"valueRequired\":true,\"valueName\":\"search_term_string\"}}],\"inLanguage\":\"fr-FR\"},{\"@type\":\"Organization\",\"@id\":\"https:\/\/www.museumspass.ch\/de\/#organization\",\"name\":\"Schweizer Museumspass\",\"url\":\"https:\/\/www.museumspass.ch\/de\/\",\"logo\":{\"@type\":\"ImageObject\",\"inLanguage\":\"fr-FR\",\"@id\":\"https:\/\/www.museumspass.ch\/de\/#\/schema\/logo\/image\/\",\"url\":\"https:\/\/www.museumspass.ch\/wp-content\/uploads\/Design-ohne-Titel-55.png\",\"contentUrl\":\"https:\/\/www.museumspass.ch\/wp-content\/uploads\/Design-ohne-Titel-55.png\",\"width\":1024,\"height\":576,\"caption\":\"Schweizer Museumspass\"},\"image\":{\"@id\":\"https:\/\/www.museumspass.ch\/de\/#\/schema\/logo\/image\/\"},\"sameAs\":[\"https:\/\/www.facebook.com\/SchweizerMuseumspass\/\",\"https:\/\/www.instagram.com\/museumspass\/\",\"https:\/\/www.linkedin.com\/company\/stiftung-schweizer-museumspass\/\"]}]}<\/script>\n<!-- \/ Yoast SEO plugin. -->","yoast_head_json":{"title":"Informations pour les mus\u00e9es - Passeport Mus\u00e9es Suisses","description":"Montrez-nous votre point fort personnel et assurez-vous une chance de gagner des prix d'une valeur totale de CHF 20\u2019000.","robots":{"index":"index","follow":"follow","max-snippet":"max-snippet:-1","max-image-preview":"max-image-preview:large","max-video-preview":"max-video-preview:-1"},"canonical":"https:\/\/www.museumspass.ch\/fr\/trente-ans-du-passeport-musees-suisses\/informations-pour-les-musees-2\/","og_locale":"fr_FR","og_type":"article","og_title":"Informationen f\u00fcr Museen\u200b - Schweizer Museumspass","og_description":"Zeigen Sie uns Ihr pers\u00f6nliches Highlight und sichern Sie sich die Chance auf Preise im Gesamtwert von CHF 20\u2019000.","og_url":"https:\/\/www.museumspass.ch\/fr\/trente-ans-du-passeport-musees-suisses\/informations-pour-les-musees-2\/","og_site_name":"Schweizer Museumspass","article_publisher":"https:\/\/www.facebook.com\/SchweizerMuseumspass\/","article_modified_time":"2026-04-07T13:55:25+00:00","og_image":[{"width":1024,"height":576,"url":"https:\/\/www.museumspass.ch\/wp-content\/uploads\/Design-ohne-Titel-55.png","type":"image\/png"}],"twitter_card":"summary_large_image","twitter_misc":{"Dur\u00e9e de lecture estim\u00e9e":"2 minutes"},"schema":{"@context":"https:\/\/schema.org","@graph":[{"@type":"WebPage","@id":"https:\/\/www.museumspass.ch\/dreissig-jahre-schweizer-museumspass\/informationen-fuer-museen\/","url":"https:\/\/www.museumspass.ch\/dreissig-jahre-schweizer-museumspass\/informationen-fuer-museen\/","name":"Informations pour les mus\u00e9es - Passeport Mus\u00e9es Suisses","isPartOf":{"@id":"https:\/\/www.museumspass.ch\/de\/#website"},"datePublished":"2026-01-21T09:55:22+00:00","dateModified":"2026-04-07T13:55:25+00:00","description":"Montrez-nous votre point fort personnel et assurez-vous une chance de gagner des prix d'une valeur totale de CHF 20\u2019000.","breadcrumb":{"@id":"https:\/\/www.museumspass.ch\/dreissig-jahre-schweizer-museumspass\/informationen-fuer-museen\/#breadcrumb"},"inLanguage":"fr-FR","potentialAction":[{"@type":"ReadAction","target":["https:\/\/www.museumspass.ch\/dreissig-jahre-schweizer-museumspass\/informationen-fuer-museen\/"]}]},{"@type":"BreadcrumbList","@id":"https:\/\/www.museumspass.ch\/dreissig-jahre-schweizer-museumspass\/informationen-fuer-museen\/#breadcrumb","itemListElement":[{"@type":"ListItem","position":1,"name":"Start","item":"https:\/\/www.museumspass.ch\/de\/"},{"@type":"ListItem","position":2,"name":"30 Jahre Schweizer Museumspass","item":"https:\/\/www.museumspass.ch\/dreissig-jahre-schweizer-museumspass\/"},{"@type":"ListItem","position":3,"name":"Informationen f\u00fcr Museen\u200b"}]},{"@type":"WebSite","@id":"https:\/\/www.museumspass.ch\/de\/#website","url":"https:\/\/www.museumspass.ch\/de\/","name":"Passeport Mus\u00e9es Suisses","description":"Acc\u00e8s gratuit pendant 1 an \u00e0 plus de 500 mus\u00e9es suisses","publisher":{"@id":"https:\/\/www.museumspass.ch\/de\/#organization"},"potentialAction":[{"@type":"SearchAction","target":{"@type":"EntryPoint","urlTemplate":"https:\/\/www.museumspass.ch\/de\/?s={search_term_string}"},"query-input":{"@type":"PropertyValueSpecification","valueRequired":true,"valueName":"search_term_string"}}],"inLanguage":"fr-FR"},{"@type":"Organization","@id":"https:\/\/www.museumspass.ch\/de\/#organization","name":"Passeport Mus\u00e9es Suisses","url":"https:\/\/www.museumspass.ch\/de\/","logo":{"@type":"ImageObject","inLanguage":"fr-FR","@id":"https:\/\/www.museumspass.ch\/de\/#\/schema\/logo\/image\/","url":"https:\/\/www.museumspass.ch\/wp-content\/uploads\/Design-ohne-Titel-55.png","contentUrl":"https:\/\/www.museumspass.ch\/wp-content\/uploads\/Design-ohne-Titel-55.png","width":1024,"height":576,"caption":"Schweizer Museumspass"},"image":{"@id":"https:\/\/www.museumspass.ch\/de\/#\/schema\/logo\/image\/"},"sameAs":["https:\/\/www.facebook.com\/SchweizerMuseumspass\/","https:\/\/www.instagram.com\/museumspass\/","https:\/\/www.linkedin.com\/company\/stiftung-schweizer-museumspass\/"]}]}},"publishpress_future_action":{"enabled":false,"date":"2026-05-04 23:05:38","action":"change-status","newStatus":"draft","terms":[],"taxonomy":"","extraData":[]},"publishpress_future_workflow_manual_trigger":{"enabledWorkflows":[]},"_links":{"self":[{"href":"https:\/\/www.museumspass.ch\/fr\/wp-json\/wp\/v2\/pages\/10833","targetHints":{"allow":["GET"]}}],"collection":[{"href":"https:\/\/www.museumspass.ch\/fr\/wp-json\/wp\/v2\/pages"}],"about":[{"href":"https:\/\/www.museumspass.ch\/fr\/wp-json\/wp\/v2\/types\/page"}],"author":[{"embeddable":true,"href":"https:\/\/www.museumspass.ch\/fr\/wp-json\/wp\/v2\/users\/1"}],"replies":[{"embeddable":true,"href":"https:\/\/www.museumspass.ch\/fr\/wp-json\/wp\/v2\/comments?post=10833"}],"version-history":[{"count":42,"href":"https:\/\/www.museumspass.ch\/fr\/wp-json\/wp\/v2\/pages\/10833\/revisions"}],"predecessor-version":[{"id":12393,"href":"https:\/\/www.museumspass.ch\/fr\/wp-json\/wp\/v2\/pages\/10833\/revisions\/12393"}],"up":[{"embeddable":true,"href":"https:\/\/www.museumspass.ch\/fr\/wp-json\/wp\/v2\/pages\/5219"}],"wp:attachment":[{"href":"https:\/\/www.museumspass.ch\/fr\/wp-json\/wp\/v2\/media?parent=10833"}],"curies":[{"name":"wp","href":"https:\/\/api.w.org\/{rel}","templated":true}]}}