{"id":12582,"date":"2026-05-12T09:11:56","date_gmt":"2026-05-12T08:11:56","guid":{"rendered":"https:\/\/www.museumspass.ch\/?page_id=12582"},"modified":"2026-05-12T09:14:24","modified_gmt":"2026-05-12T08:14:24","slug":"kulturlegi","status":"publish","type":"page","link":"https:\/\/www.museumspass.ch\/fr\/kulturlegi\/","title":{"rendered":"Gratis ins Museum 2026"},"content":{"rendered":"<p>Der Schweizer Museumspass gew\u00e4hrt\u00a0Menschen mit g\u00fcltiger KulturLegi insgesamt 10\u2019000 Gratiseintritte in \u00fcber 500 Museen in der Schweiz.<\/p>\n\n\n\n<p>Die Tickets k\u00f6nnen bis zum 31.12.2026 eingel\u00f6st werden und berechtigen zu einem kostenlosen Eintritt.<\/p>\n\n\n\n<ul class=\"wp-block-list\">\n<li>Diese Museen k\u00f6nnen besucht werden:\u00a0<a href=\"https:\/\/www.museumspass.ch\/wp-content\/uploads\/smp-booklet-2026.pdf\" target=\"_blank\" rel=\"noreferrer noopener\">Liste Museen nach Kanton (PDF)<\/a><\/li>\n\n\n\n<li>1 Eintritt gilt f\u00fcr 1 Person (Kind oder Erwachsener)<\/li>\n<\/ul>\n\n\n\n<div style=\"height:30px\" aria-hidden=\"true\" class=\"wp-block-spacer\"><\/div>\n\n\n\n<figure class=\"wp-block-image size-large is-resized\"><img fetchpriority=\"high\" decoding=\"async\" width=\"1024\" height=\"723\" src=\"https:\/\/www.museumspass.ch\/wp-content\/uploads\/CA_KulturLegi-Museumspass_2025_Ticket_Druck_Seite_1-1024x723.jpg\" alt=\"\" class=\"wp-image-12584\" style=\"width:500px\" srcset=\"https:\/\/www.museumspass.ch\/wp-content\/uploads\/CA_KulturLegi-Museumspass_2025_Ticket_Druck_Seite_1-1024x723.jpg 1024w, https:\/\/www.museumspass.ch\/wp-content\/uploads\/CA_KulturLegi-Museumspass_2025_Ticket_Druck_Seite_1-300x212.jpg 300w, https:\/\/www.museumspass.ch\/wp-content\/uploads\/CA_KulturLegi-Museumspass_2025_Ticket_Druck_Seite_1-768x542.jpg 768w, https:\/\/www.museumspass.ch\/wp-content\/uploads\/CA_KulturLegi-Museumspass_2025_Ticket_Druck_Seite_1-1536x1084.jpg 1536w, https:\/\/www.museumspass.ch\/wp-content\/uploads\/CA_KulturLegi-Museumspass_2025_Ticket_Druck_Seite_1-2048x1445.jpg 2048w, https:\/\/www.museumspass.ch\/wp-content\/uploads\/CA_KulturLegi-Museumspass_2025_Ticket_Druck_Seite_1-18x12.jpg 18w\" sizes=\"(max-width: 1024px) 100vw, 1024px\" \/><\/figure>","protected":false},"excerpt":{"rendered":"<p>Der Schweizer Museumspass gew\u00e4hrt\u00a0Menschen mit g\u00fcltiger KulturLegi insgesamt 10\u2019000 Gratiseintritte in \u00fcber 500 Museen in der Schweiz. Die Tickets k\u00f6nnen bis zum 31.12.2026 eingel\u00f6st werden und berechtigen zu einem kostenlosen Eintritt.<\/p>","protected":false},"author":2,"featured_media":0,"parent":0,"menu_order":0,"comment_status":"closed","ping_status":"closed","template":"","meta":{"footnotes":""},"class_list":["post-12582","page","type-page","status-publish","hentry"],"yoast_head":"<!-- This site is optimized with the Yoast SEO plugin v26.8 - https:\/\/yoast.com\/product\/yoast-seo-wordpress\/ -->\n<title>Gratis ins Museum 2026 - Schweizer Museumspass<\/title>\n<meta name=\"robots\" content=\"index, follow, max-snippet:-1, max-image-preview:large, max-video-preview:-1\" \/>\n<link rel=\"canonical\" href=\"https:\/\/www.museumspass.ch\/fr\/kulturlegi\/\" \/>\n<meta property=\"og:locale\" content=\"fr_FR\" \/>\n<meta property=\"og:type\" content=\"article\" \/>\n<meta property=\"og:title\" content=\"Gratis ins Museum 2026 - Schweizer Museumspass\" \/>\n<meta property=\"og:description\" content=\"Der Schweizer Museumspass gew\u00e4hrt\u00a0Menschen mit g\u00fcltiger KulturLegi insgesamt 10\u2019000 Gratiseintritte in \u00fcber 500 Museen in der Schweiz. Die Tickets k\u00f6nnen bis zum 31.12.2026 eingel\u00f6st werden und berechtigen zu einem kostenlosen Eintritt.\" \/>\n<meta property=\"og:url\" content=\"https:\/\/www.museumspass.ch\/fr\/kulturlegi\/\" \/>\n<meta property=\"og:site_name\" content=\"Schweizer Museumspass\" \/>\n<meta property=\"article:publisher\" content=\"https:\/\/www.facebook.com\/SchweizerMuseumspass\/\" \/>\n<meta property=\"article:modified_time\" content=\"2026-05-12T08:14:24+00:00\" \/>\n<meta property=\"og:image\" content=\"https:\/\/www.museumspass.ch\/wp-content\/uploads\/CA_KulturLegi-Museumspass_2025_Ticket_Druck_Seite_1.jpg\" \/>\n\t<meta property=\"og:image:width\" content=\"2052\" \/>\n\t<meta property=\"og:image:height\" content=\"1448\" \/>\n\t<meta property=\"og:image:type\" content=\"image\/jpeg\" \/>\n<meta name=\"twitter:card\" content=\"summary_large_image\" \/>\n<meta name=\"twitter:label1\" content=\"Dur\u00e9e de lecture estim\u00e9e\" \/>\n\t<meta name=\"twitter:data1\" content=\"1 minute\" \/>\n<script type=\"application\/ld+json\" class=\"yoast-schema-graph\">{\"@context\":\"https:\/\/schema.org\",\"@graph\":[{\"@type\":\"WebPage\",\"@id\":\"https:\/\/www.museumspass.ch\/kulturlegi\/\",\"url\":\"https:\/\/www.museumspass.ch\/kulturlegi\/\",\"name\":\"Gratis ins Museum 2026 - Schweizer Museumspass\",\"isPartOf\":{\"@id\":\"https:\/\/www.museumspass.ch\/de\/#website\"},\"primaryImageOfPage\":{\"@id\":\"https:\/\/www.museumspass.ch\/kulturlegi\/#primaryimage\"},\"image\":{\"@id\":\"https:\/\/www.museumspass.ch\/kulturlegi\/#primaryimage\"},\"thumbnailUrl\":\"https:\/\/www.museumspass.ch\/wp-content\/uploads\/CA_KulturLegi-Museumspass_2025_Ticket_Druck_Seite_1-1024x723.jpg\",\"datePublished\":\"2026-05-12T08:11:56+00:00\",\"dateModified\":\"2026-05-12T08:14:24+00:00\",\"breadcrumb\":{\"@id\":\"https:\/\/www.museumspass.ch\/kulturlegi\/#breadcrumb\"},\"inLanguage\":\"fr-FR\",\"potentialAction\":[{\"@type\":\"ReadAction\",\"target\":[\"https:\/\/www.museumspass.ch\/kulturlegi\/\"]}]},{\"@type\":\"ImageObject\",\"inLanguage\":\"fr-FR\",\"@id\":\"https:\/\/www.museumspass.ch\/kulturlegi\/#primaryimage\",\"url\":\"https:\/\/www.museumspass.ch\/wp-content\/uploads\/CA_KulturLegi-Museumspass_2025_Ticket_Druck_Seite_1-1024x723.jpg\",\"contentUrl\":\"https:\/\/www.museumspass.ch\/wp-content\/uploads\/CA_KulturLegi-Museumspass_2025_Ticket_Druck_Seite_1-1024x723.jpg\"},{\"@type\":\"BreadcrumbList\",\"@id\":\"https:\/\/www.museumspass.ch\/kulturlegi\/#breadcrumb\",\"itemListElement\":[{\"@type\":\"ListItem\",\"position\":1,\"name\":\"Start\",\"item\":\"https:\/\/www.museumspass.ch\/de\/\"},{\"@type\":\"ListItem\",\"position\":2,\"name\":\"Gratis ins Museum 2026\"}]},{\"@type\":\"WebSite\",\"@id\":\"https:\/\/www.museumspass.ch\/de\/#website\",\"url\":\"https:\/\/www.museumspass.ch\/de\/\",\"name\":\"Schweizer Museumspass\",\"description\":\"1 Jahr lang kostenlosen Zugang zu \u00fcber 500 Schweizer Museen\",\"publisher\":{\"@id\":\"https:\/\/www.museumspass.ch\/de\/#organization\"},\"potentialAction\":[{\"@type\":\"SearchAction\",\"target\":{\"@type\":\"EntryPoint\",\"urlTemplate\":\"https:\/\/www.museumspass.ch\/de\/?s={search_term_string}\"},\"query-input\":{\"@type\":\"PropertyValueSpecification\",\"valueRequired\":true,\"valueName\":\"search_term_string\"}}],\"inLanguage\":\"fr-FR\"},{\"@type\":\"Organization\",\"@id\":\"https:\/\/www.museumspass.ch\/de\/#organization\",\"name\":\"Schweizer Museumspass\",\"url\":\"https:\/\/www.museumspass.ch\/de\/\",\"logo\":{\"@type\":\"ImageObject\",\"inLanguage\":\"fr-FR\",\"@id\":\"https:\/\/www.museumspass.ch\/de\/#\/schema\/logo\/image\/\",\"url\":\"https:\/\/www.museumspass.ch\/wp-content\/uploads\/Design-ohne-Titel-55.png\",\"contentUrl\":\"https:\/\/www.museumspass.ch\/wp-content\/uploads\/Design-ohne-Titel-55.png\",\"width\":1024,\"height\":576,\"caption\":\"Schweizer Museumspass\"},\"image\":{\"@id\":\"https:\/\/www.museumspass.ch\/de\/#\/schema\/logo\/image\/\"},\"sameAs\":[\"https:\/\/www.facebook.com\/SchweizerMuseumspass\/\",\"https:\/\/www.instagram.com\/museumspass\/\",\"https:\/\/www.linkedin.com\/company\/stiftung-schweizer-museumspass\/\"]}]}<\/script>\n<!-- \/ Yoast SEO plugin. -->","yoast_head_json":{"title":"Gratis ins Museum 2026 - Schweizer Museumspass","robots":{"index":"index","follow":"follow","max-snippet":"max-snippet:-1","max-image-preview":"max-image-preview:large","max-video-preview":"max-video-preview:-1"},"canonical":"https:\/\/www.museumspass.ch\/fr\/kulturlegi\/","og_locale":"fr_FR","og_type":"article","og_title":"Gratis ins Museum 2026 - Schweizer Museumspass","og_description":"Der Schweizer Museumspass gew\u00e4hrt\u00a0Menschen mit g\u00fcltiger KulturLegi insgesamt 10\u2019000 Gratiseintritte in \u00fcber 500 Museen in der Schweiz. Die Tickets k\u00f6nnen bis zum 31.12.2026 eingel\u00f6st werden und berechtigen zu einem kostenlosen Eintritt.","og_url":"https:\/\/www.museumspass.ch\/fr\/kulturlegi\/","og_site_name":"Schweizer Museumspass","article_publisher":"https:\/\/www.facebook.com\/SchweizerMuseumspass\/","article_modified_time":"2026-05-12T08:14:24+00:00","og_image":[{"width":2052,"height":1448,"url":"https:\/\/www.museumspass.ch\/wp-content\/uploads\/CA_KulturLegi-Museumspass_2025_Ticket_Druck_Seite_1.jpg","type":"image\/jpeg"}],"twitter_card":"summary_large_image","twitter_misc":{"Dur\u00e9e de lecture estim\u00e9e":"1 minute"},"schema":{"@context":"https:\/\/schema.org","@graph":[{"@type":"WebPage","@id":"https:\/\/www.museumspass.ch\/kulturlegi\/","url":"https:\/\/www.museumspass.ch\/kulturlegi\/","name":"Gratis ins Museum 2026 - Schweizer Museumspass","isPartOf":{"@id":"https:\/\/www.museumspass.ch\/de\/#website"},"primaryImageOfPage":{"@id":"https:\/\/www.museumspass.ch\/kulturlegi\/#primaryimage"},"image":{"@id":"https:\/\/www.museumspass.ch\/kulturlegi\/#primaryimage"},"thumbnailUrl":"https:\/\/www.museumspass.ch\/wp-content\/uploads\/CA_KulturLegi-Museumspass_2025_Ticket_Druck_Seite_1-1024x723.jpg","datePublished":"2026-05-12T08:11:56+00:00","dateModified":"2026-05-12T08:14:24+00:00","breadcrumb":{"@id":"https:\/\/www.museumspass.ch\/kulturlegi\/#breadcrumb"},"inLanguage":"fr-FR","potentialAction":[{"@type":"ReadAction","target":["https:\/\/www.museumspass.ch\/kulturlegi\/"]}]},{"@type":"ImageObject","inLanguage":"fr-FR","@id":"https:\/\/www.museumspass.ch\/kulturlegi\/#primaryimage","url":"https:\/\/www.museumspass.ch\/wp-content\/uploads\/CA_KulturLegi-Museumspass_2025_Ticket_Druck_Seite_1-1024x723.jpg","contentUrl":"https:\/\/www.museumspass.ch\/wp-content\/uploads\/CA_KulturLegi-Museumspass_2025_Ticket_Druck_Seite_1-1024x723.jpg"},{"@type":"BreadcrumbList","@id":"https:\/\/www.museumspass.ch\/kulturlegi\/#breadcrumb","itemListElement":[{"@type":"ListItem","position":1,"name":"Start","item":"https:\/\/www.museumspass.ch\/de\/"},{"@type":"ListItem","position":2,"name":"Gratis ins Museum 2026"}]},{"@type":"WebSite","@id":"https:\/\/www.museumspass.ch\/de\/#website","url":"https:\/\/www.museumspass.ch\/de\/","name":"Passeport Mus\u00e9es Suisses","description":"Acc\u00e8s gratuit pendant 1 an \u00e0 plus de 500 mus\u00e9es suisses","publisher":{"@id":"https:\/\/www.museumspass.ch\/de\/#organization"},"potentialAction":[{"@type":"SearchAction","target":{"@type":"EntryPoint","urlTemplate":"https:\/\/www.museumspass.ch\/de\/?s={search_term_string}"},"query-input":{"@type":"PropertyValueSpecification","valueRequired":true,"valueName":"search_term_string"}}],"inLanguage":"fr-FR"},{"@type":"Organization","@id":"https:\/\/www.museumspass.ch\/de\/#organization","name":"Passeport Mus\u00e9es Suisses","url":"https:\/\/www.museumspass.ch\/de\/","logo":{"@type":"ImageObject","inLanguage":"fr-FR","@id":"https:\/\/www.museumspass.ch\/de\/#\/schema\/logo\/image\/","url":"https:\/\/www.museumspass.ch\/wp-content\/uploads\/Design-ohne-Titel-55.png","contentUrl":"https:\/\/www.museumspass.ch\/wp-content\/uploads\/Design-ohne-Titel-55.png","width":1024,"height":576,"caption":"Schweizer Museumspass"},"image":{"@id":"https:\/\/www.museumspass.ch\/de\/#\/schema\/logo\/image\/"},"sameAs":["https:\/\/www.facebook.com\/SchweizerMuseumspass\/","https:\/\/www.instagram.com\/museumspass\/","https:\/\/www.linkedin.com\/company\/stiftung-schweizer-museumspass\/"]}]}},"publishpress_future_action":{"enabled":false,"date":"2026-05-22 10:09:13","action":"change-status","newStatus":"draft","terms":[],"taxonomy":"","extraData":[]},"publishpress_future_workflow_manual_trigger":{"enabledWorkflows":[]},"_links":{"self":[{"href":"https:\/\/www.museumspass.ch\/fr\/wp-json\/wp\/v2\/pages\/12582","targetHints":{"allow":["GET"]}}],"collection":[{"href":"https:\/\/www.museumspass.ch\/fr\/wp-json\/wp\/v2\/pages"}],"about":[{"href":"https:\/\/www.museumspass.ch\/fr\/wp-json\/wp\/v2\/types\/page"}],"author":[{"embeddable":true,"href":"https:\/\/www.museumspass.ch\/fr\/wp-json\/wp\/v2\/users\/2"}],"replies":[{"embeddable":true,"href":"https:\/\/www.museumspass.ch\/fr\/wp-json\/wp\/v2\/comments?post=12582"}],"version-history":[{"count":4,"href":"https:\/\/www.museumspass.ch\/fr\/wp-json\/wp\/v2\/pages\/12582\/revisions"}],"predecessor-version":[{"id":12589,"href":"https:\/\/www.museumspass.ch\/fr\/wp-json\/wp\/v2\/pages\/12582\/revisions\/12589"}],"wp:attachment":[{"href":"https:\/\/www.museumspass.ch\/fr\/wp-json\/wp\/v2\/media?parent=12582"}],"curies":[{"name":"wp","href":"https:\/\/api.w.org\/{rel}","templated":true}]}}